{"id":104,"date":"2024-07-03T09:27:26","date_gmt":"2024-07-03T07:27:26","guid":{"rendered":"https:\/\/matematyka.ujk.edu.pl\/new\/?page_id=104"},"modified":"2025-05-30T13:57:18","modified_gmt":"2025-05-30T11:57:18","slug":"programy-i-harmonogramy-studiow","status":"publish","type":"page","link":"https:\/\/matematyka.ujk.edu.pl\/index.php\/programy-i-harmonogramy-studiow\/","title":{"rendered":"Programy i harmonogramy studi\u00f3w"},"content":{"rendered":"\r\n<p>&nbsp;<\/p>\r\n\r\n\r\n\r\n<h4 class=\"wp-block-heading has-medium-font-size\"><span style=\"color: #993300;\"><strong>Studia stacjonarne 1 stopnia<\/strong><\/span><\/h4>\r\n\r\n\r\n\r\n<p><a href=\"https:\/\/matematyka.ujk.edu.pl\/wp-content\/uploads\/2025\/05\/Uchwala_nr_49-2025-program-studiow-matematyka-I-stopnia-zmiana-Zalacznik.pdf\" target=\"_blank\" rel=\"noopener\">Program studi\u00f3w obowi\u0105zuj\u0105cy od roku akademickiego 2025\/2026.pdf<\/a><br \/><a href=\"https:\/\/matematyka.ujk.edu.pl\/wp-content\/uploads\/2025\/05\/matematyka_studia_I_stopnia_HARMONOGRAM_od_2025_2026.pdf\" target=\"_blank\" rel=\"noopener\">Harmonogram studi\u00f3w obowi\u0105zuj\u0105cy od roku akademickiego 2025\/2026.pdf<\/a><\/p>\r\n<p><a href=\"https:\/\/matematyka.ujk.edu.pl\/wp-content\/uploads\/2024\/07\/PROGRAM_STUDIOW-2021.pdf\" target=\"_blank\" rel=\"noreferrer noopener\" data-type=\"link\" data-id=\"https:\/\/matematyka.ujk.edu.pl\/\/wp-content\/uploads\/2024\/07\/PROGRAM_STUDIOW-2021.pdf\">Program studi\u00f3w obowi\u0105zuj\u0105cy od roku akademickiego 2021\/2022 i dla student\u00f3w, kt\u00f3rzy rozpocz\u0119li kszta\u0142cenie w roku akad. 2019\/2020 i w roku akad. 2020\/2021.pdf<\/a><\/p>\r\n\r\n\r\n\r\n<p><a href=\"https:\/\/matematyka.ujk.edu.pl\/wp-content\/uploads\/2024\/07\/Uchwala_nr_94-2021_matematyka_Ist_Zalacznik_PROGRAM_STUDIOW_HARMONOGRAM__.pdf\" target=\"_blank\" rel=\"noreferrer noopener\" data-type=\"link\" data-id=\"https:\/\/matematyka.ujk.edu.pl\/\/wp-content\/uploads\/2024\/07\/Uchwala_nr_94-2021_matematyka_Ist_Zalacznik_PROGRAM_STUDIOW_HARMONOGRAM__.pdf\">Harmonogram studi\u00f3w obowi\u0105zuj\u0105cy od roku akademickiego 2021\/2022 i dla student\u00f3w, kt\u00f3rzy rozpocz\u0119li kszta\u0142cenie w roku akad. 2019\/2020 i w roku akad. 2020\/2021 oraz obowi\u0105zuj\u0105cy dla toku studi\u00f3w WSP_23\/24_Mat_Ist_S.pdf<\/a><\/p>\r\n\r\n\r\n\r\n<h4 class=\"wp-block-heading has-medium-font-size\"><strong><span style=\"color: #993300;\"><strong>Studia stacjonarne 2 stopnia<\/strong><\/span><\/strong><\/h4>\r\n\r\n\r\n\r\n<p><a href=\"https:\/\/matematyka.ujk.edu.pl\/wp-content\/uploads\/2025\/05\/Uchwala_nr_50-2025-program-studiow-matematyka-II-stopnia-zmiana-Zalacznik.pdf\" target=\"_blank\" rel=\"noopener\">Program studi\u00f3w obowi\u0105zuj\u0105cy od roku akademickiego 2025\/2026.pdf<\/a><br \/><a href=\"https:\/\/matematyka.ujk.edu.pl\/wp-content\/uploads\/2025\/05\/matematyka_studia_II_stopnia_HARMONOGRAM_od_2025_2026-1.pdf\" target=\"_blank\" rel=\"noopener\">Harmonogram studi\u00f3w obowi\u0105zuj\u0105cy od roku akademickiego 2025\/2026.pdf<\/a><\/p>\r\n<p><a href=\"https:\/\/matematyka.ujk.edu.pl\/wp-content\/uploads\/2024\/07\/program_studiow_matematyka_IIst_od_2022_23.pdf\" target=\"_blank\" rel=\"noreferrer noopener\" data-type=\"link\" data-id=\"https:\/\/matematyka.ujk.edu.pl\/\/wp-content\/uploads\/2024\/07\/program_studiow_matematyka_IIst_od_2022_23.pdf\">Program studi\u00f3w obowi\u0105zuj\u0105cy od roku akademickiego 2022\/2023.pdf<\/a><br \/><a href=\"https:\/\/matematyka.ujk.edu.pl\/wp-content\/uploads\/2024\/07\/harmonogram_studiow_matematyka_IIst_od_2022_23.pdf\" target=\"_blank\" rel=\"noreferrer noopener\" data-type=\"link\" data-id=\"https:\/\/matematyka.ujk.edu.pl\/\/wp-content\/uploads\/2024\/07\/program_studiow_matematyka_IIst_od_2022_23.pdf\">Harmonogram studi\u00f3w obowi\u0105zuj\u0105cy od roku akademickiego 2022\/2023.pdf<\/a><\/p>\r\n","protected":false},"excerpt":{"rendered":"<p>&nbsp; Studia stacjonarne 1 stopnia Program studi\u00f3w obowi\u0105zuj\u0105cy od roku akademickiego 2025\/2026.pdfHarmonogram studi\u00f3w obowi\u0105zuj\u0105cy od roku akademickiego 2025\/2026.pdf Program studi\u00f3w obowi\u0105zuj\u0105cy od roku akademickiego 2021\/2022 i dla student\u00f3w, kt\u00f3rzy rozpocz\u0119li kszta\u0142cenie w roku akad. 2019\/2020 i w roku akad. 2020\/2021.pdf Harmonogram studi\u00f3w obowi\u0105zuj\u0105cy od roku akademickiego 2021\/2022 i dla student\u00f3w, kt\u00f3rzy rozpocz\u0119li kszta\u0142cenie w roku [&hellip;]<\/p>\n","protected":false},"author":1,"featured_media":0,"parent":0,"menu_order":0,"comment_status":"closed","ping_status":"closed","template":"","meta":{"footnotes":""},"class_list":["post-104","page","type-page","status-publish","hentry"],"_links":{"self":[{"href":"https:\/\/matematyka.ujk.edu.pl\/index.php\/wp-json\/wp\/v2\/pages\/104","targetHints":{"allow":["GET"]}}],"collection":[{"href":"https:\/\/matematyka.ujk.edu.pl\/index.php\/wp-json\/wp\/v2\/pages"}],"about":[{"href":"https:\/\/matematyka.ujk.edu.pl\/index.php\/wp-json\/wp\/v2\/types\/page"}],"author":[{"embeddable":true,"href":"https:\/\/matematyka.ujk.edu.pl\/index.php\/wp-json\/wp\/v2\/users\/1"}],"replies":[{"embeddable":true,"href":"https:\/\/matematyka.ujk.edu.pl\/index.php\/wp-json\/wp\/v2\/comments?post=104"}],"version-history":[{"count":36,"href":"https:\/\/matematyka.ujk.edu.pl\/index.php\/wp-json\/wp\/v2\/pages\/104\/revisions"}],"predecessor-version":[{"id":1222,"href":"https:\/\/matematyka.ujk.edu.pl\/index.php\/wp-json\/wp\/v2\/pages\/104\/revisions\/1222"}],"wp:attachment":[{"href":"https:\/\/matematyka.ujk.edu.pl\/index.php\/wp-json\/wp\/v2\/media?parent=104"}],"curies":[{"name":"wp","href":"https:\/\/api.w.org\/{rel}","templated":true}]}}