{"id":1597,"date":"2025-11-05T10:58:31","date_gmt":"2025-11-05T09:58:31","guid":{"rendered":"https:\/\/matematyka.ujk.edu.pl\/?page_id=1597"},"modified":"2025-11-05T12:14:49","modified_gmt":"2025-11-05T11:14:49","slug":"sciezka-nauczanie-matematyki-praktyki-ciagle-i-stopien-2025-2026","status":"publish","type":"page","link":"https:\/\/matematyka.ujk.edu.pl\/index.php\/sciezka-nauczanie-matematyki-praktyki-ciagle-i-stopien-2025-2026\/","title":{"rendered":"\u015acie\u017cka Nauczanie Matematyki Praktyki ci\u0105g\u0142e I stopie\u0144 2025-2026"},"content":{"rendered":"<p><a href=\"https:\/\/matematyka.ujk.edu.pl\/wp-content\/uploads\/2025\/11\/Regulamin_nauczanie_matematyki_2025-2026.docx\" target=\"_blank\" rel=\"noopener\">Regulamin nauczanie matematyki 2025-2026.docx<\/a><br \/>\n<a href=\"https:\/\/matematyka.ujk.edu.pl\/wp-content\/uploads\/2025\/11\/Instrukcja_praktyka_ciagla_I_st_PC_2025_2026.docx\" target=\"_blank\" rel=\"noopener\">Instrukcja praktyka ci\u0105g\u0142a I st (PC) 2025-2026.docx<\/a><br \/>\n<a href=\"https:\/\/matematyka.ujk.edu.pl\/wp-content\/uploads\/2025\/11\/Program_praktyki_PC_I_st_2025_2026.docx\" target=\"_blank\" rel=\"noopener\">Program praktyki PC I st 2025-2026.docx<\/a><br \/>\n<a href=\"https:\/\/matematyka.ujk.edu.pl\/wp-content\/uploads\/2025\/11\/Zal_1_PC_Oswiadcz_stud_zapozn_z_dok.docx\" target=\"_blank\" rel=\"noopener\">Za\u0142 1 PC O\u015bwiadczenie studenta zapoznanie z dok&#8230;.docx<\/a><br \/>\n<a href=\"https:\/\/matematyka.ujk.edu.pl\/wp-content\/uploads\/2025\/11\/Zal_2_PC_Oswiadcz_stud_ubezpieczenie.docx\" target=\"_blank\" rel=\"noopener\">Za\u0142 2 PC O\u015bwiadczenie studenta ubezpieczenie.docx<\/a><br \/>\n<a href=\"https:\/\/matematyka.ujk.edu.pl\/wp-content\/uploads\/2025\/11\/Zal_3_PC_Zarzadzenie_nr_122-2025_Praktyki_zawodowe_dla_studentow_Zalacznik_nr_12.docx\">Za\u0142 3 PC Zarz\u0105dzenie nr 122-2025 Praktyki zawodowe dla student\u00f3w Za\u0142&#8230;nr 12.docx<\/a><br \/>\n<a href=\"https:\/\/matematyka.ujk.edu.pl\/wp-content\/uploads\/2025\/11\/Zal_4_PC_Harmonogram_praktyki_2025_2026.docx\" target=\"_blank\" rel=\"noopener\">Za\u0142 4 PC Harmonogram praktyki 2025-2026.docx<\/a><br \/>\n<a href=\"https:\/\/matematyka.ujk.edu.pl\/wp-content\/uploads\/2025\/11\/Zal_5_PC_Zest_lekcji_prow_i_ocen.docx\" target=\"_blank\" rel=\"noopener\">Za\u0142 5 PC Zestawienie lekcji prow. i ocen.docx<\/a><br \/>\n<a href=\"https:\/\/matematyka.ujk.edu.pl\/wp-content\/uploads\/2025\/11\/Zal_6_PC_Zest_lekcji_hospitowanych.docx\" target=\"_blank\" rel=\"noopener\">Za\u0142 6 PC Zestawienie lekcji hospitowanych.docx<\/a><br \/>\n<a href=\"https:\/\/matematyka.ujk.edu.pl\/wp-content\/uploads\/2025\/11\/Zal_7_PC_Zest_czynnosci_dodatkowych.docx\" target=\"_blank\" rel=\"noopener\">Za\u0142 7 PC Zestawienie czynno\u015bci dodatkowych.docx<\/a><br \/>\n<a href=\"https:\/\/matematyka.ujk.edu.pl\/wp-content\/uploads\/2025\/11\/Zal_8_PC_Wzor_scenariusza_lekcji_2025_2026.docx\" target=\"_blank\" rel=\"noopener\">Za\u0142 8 PC Wz\u00f3r scenariusza lekcji 2025-2026.docx<\/a><br \/>\n<a href=\"https:\/\/matematyka.ujk.edu.pl\/wp-content\/uploads\/2025\/11\/Zal_9_PC_Wzor_arkusza_hospitacji_2025-2026.docx\" target=\"_blank\" rel=\"noopener\">Za\u0142 9 PC Wz\u00f3r arkusza hospitacji 2025-2026.docx<\/a><br \/>\n<a href=\"https:\/\/matematyka.ujk.edu.pl\/wp-content\/uploads\/2025\/11\/Zal_10_PC_Recenzja-dydaktyczna_wzor.docx\" target=\"_blank\" rel=\"noopener\">Za\u0142 10 PC Recenzja dydaktyczna wzor.docx<\/a><br \/>\n<a href=\"https:\/\/matematyka.ujk.edu.pl\/wp-content\/uploads\/2025\/11\/Zal_11_PC_Zarzadzenie_nr_122-2025_Praktyki_zawodowe_dla_studentow_Zalacznik_nr_8.docx\" target=\"_blank\" rel=\"noopener\">Za\u0142 11 PC Zarz\u0105dzenie nr 122-2025 Praktyki zawodowe dla student\u00f3w Za\u0142&#8230;nr 8.docx<\/a><br \/>\n<a href=\"https:\/\/matematyka.ujk.edu.pl\/wp-content\/uploads\/2025\/11\/Zal_12_PC_Zest_scenariuszy_lekcji_dod.docx\" target=\"_blank\" rel=\"noopener\">Za\u0142 12 PC Zestawienie scenariuszy lekcji dod&#8230;docx<\/a><br \/>\n<a href=\"https:\/\/matematyka.ujk.edu.pl\/wp-content\/uploads\/2025\/11\/Zal_13_PC_oswiadczenie_opiekuna.docx\" target=\"_blank\" rel=\"noopener\">Za\u0142 13 PC O\u015bwiadczenie opiekuna.docx<\/a><br \/>\n<a href=\"https:\/\/matematyka.ujk.edu.pl\/wp-content\/uploads\/2025\/11\/Zal_14_PC_Fiszki_na_teczki.docx\" target=\"_blank\" rel=\"noopener\">Za\u0142 14 PC Fiszki na teczki.docx<\/a><\/p>\n","protected":false},"excerpt":{"rendered":"<p>Regulamin nauczanie matematyki 2025-2026.docx Instrukcja praktyka ci\u0105g\u0142a I st (PC) 2025-2026.docx Program praktyki PC I st 2025-2026.docx Za\u0142 1 PC O\u015bwiadczenie studenta zapoznanie z dok&#8230;.docx Za\u0142 2 PC O\u015bwiadczenie studenta ubezpieczenie.docx Za\u0142 3 PC Zarz\u0105dzenie nr 122-2025 Praktyki zawodowe dla student\u00f3w Za\u0142&#8230;nr 12.docx Za\u0142 4 PC Harmonogram praktyki 2025-2026.docx Za\u0142 5 PC Zestawienie lekcji prow. [&hellip;]<\/p>\n","protected":false},"author":1,"featured_media":0,"parent":0,"menu_order":0,"comment_status":"closed","ping_status":"closed","template":"","meta":{"footnotes":""},"class_list":["post-1597","page","type-page","status-publish","hentry"],"_links":{"self":[{"href":"https:\/\/matematyka.ujk.edu.pl\/index.php\/wp-json\/wp\/v2\/pages\/1597","targetHints":{"allow":["GET"]}}],"collection":[{"href":"https:\/\/matematyka.ujk.edu.pl\/index.php\/wp-json\/wp\/v2\/pages"}],"about":[{"href":"https:\/\/matematyka.ujk.edu.pl\/index.php\/wp-json\/wp\/v2\/types\/page"}],"author":[{"embeddable":true,"href":"https:\/\/matematyka.ujk.edu.pl\/index.php\/wp-json\/wp\/v2\/users\/1"}],"replies":[{"embeddable":true,"href":"https:\/\/matematyka.ujk.edu.pl\/index.php\/wp-json\/wp\/v2\/comments?post=1597"}],"version-history":[{"count":26,"href":"https:\/\/matematyka.ujk.edu.pl\/index.php\/wp-json\/wp\/v2\/pages\/1597\/revisions"}],"predecessor-version":[{"id":1645,"href":"https:\/\/matematyka.ujk.edu.pl\/index.php\/wp-json\/wp\/v2\/pages\/1597\/revisions\/1645"}],"wp:attachment":[{"href":"https:\/\/matematyka.ujk.edu.pl\/index.php\/wp-json\/wp\/v2\/media?parent=1597"}],"curies":[{"name":"wp","href":"https:\/\/api.w.org\/{rel}","templated":true}]}}