{"id":167,"date":"2024-12-04T10:31:21","date_gmt":"2024-12-04T09:31:21","guid":{"rendered":"https:\/\/matematyka.ujk.edu.pl\/new\/?page_id=167"},"modified":"2025-11-06T08:40:47","modified_gmt":"2025-11-06T07:40:47","slug":"praktyka","status":"publish","type":"page","link":"https:\/\/matematyka.ujk.edu.pl\/index.php\/praktyka\/","title":{"rendered":"Praktyka"},"content":{"rendered":"\r\n<p>Praktyki studenckie organizowane s\u0105 zgodnie z obowi\u0105zuj\u0105cymi na kierunku Matematyka programami studi\u00f3w w oparciu o nast\u0119puj\u0105ce akty prawne:<\/p>\r\n<ol>\r\n<li>Regulamin studi\u00f3w.<\/li>\r\n<li>Zarz\u0105dzenie nr 122\/2025 Rektora Uniwersytetu Jana Kochanowskiego w Kielcach z\u00a0dnia 3 lipca 2025 roku w sprawie praktyk zawodowych dla student\u00f3w oraz uczestnik\u00f3w studi\u00f3w podyplomowych Uniwersytetu Jana Kochanowskiego w Kielcach<\/li>\r\n<li>Procedura HOSPITACJI PRAKTYK ZAWODOWYCH WSZJK-WSP\/05.<\/li>\r\n<\/ol>\r\n<p>W roku akademickim 2025\/2026 praktyki obejmuj\u0105:<\/p>\r\n<ul>\r\n<li>dla student\u00f3w pierwszego stopnia \u015bcie\u017cki \u201eNauczanie matematyki\u201d praktyk\u0119 zawodow\u0105 \u015br\u00f3droczn\u0105 w szkole podstawowej realizowan\u0105 w 4 i 6 semestrze studi\u00f3w oraz ci\u0105g\u0142\u0105 zawodow\u0105 praktyk\u0119 dydaktyczn\u0105 w szkole podstawowej realizowan\u0105 w 5 semestrze studi\u00f3w,<\/li>\r\n<li>dla student\u00f3w pierwszego stopnia \u015bcie\u017cki \u201eAnaliza danych i modelowanie matematyczne\u201d praktyk\u0119 zawodow\u0105 realizowan\u0105 w 4 semestrze studi\u00f3w,<\/li>\r\n<li>dla student\u00f3w drugiego stopnia \u015bcie\u017cki \u201eNauczanie matematyki\u201d praktyk\u0119 zawodow\u0105 \u015br\u00f3droczn\u0105 w szkole ponadpodstawowej oraz ci\u0105g\u0142\u0105 praktyk\u0119 zawodow\u0105 w\u00a0szkole ponadpodstawowej, kt\u00f3re realizowane s\u0105 w 2 semestrze studi\u00f3w,<\/li>\r\n<li>dla student\u00f3w drugiego stopnia \u015bcie\u017cki \u201eAnaliza danych i modelowanie matematyczne\u201d praktyk\u0119 zawodow\u0105 realizowan\u0105 w 2 semestrze studi\u00f3w.<\/li>\r\n<\/ul>\r\n<p>Ka\u017cdy student odbywaj\u0105cy praktyk\u0119 obowi\u0105zany jest do posiadania ubezpieczenia od nast\u0119pstw nieszcz\u0119\u015bliwych wypadk\u00f3w oraz od odpowiedzialno\u015bci cywilnej.<br \/>Istnieje mo\u017cliwo\u015b\u0107 wykupienia takiego ubezpieczenia za po\u015brednictwem Dzia\u0142u Spraw Studenckich \u2013 informacja na stronie:\u00a0 <a href=\"https:\/\/ujk.edu.pl\/studenci\/sprawy-socjalno-bytowe\/ubezpieczenia-i-opieka-zdrowotna\/ubezpieczenia-nnw-i-oc\/\" target=\"_blank\" rel=\"noopener\">https:\/\/ujk.edu.pl\/studenci\/sprawy-socjalno-bytowe\/ubezpieczenia-i-opieka-zdrowotna\/ubezpieczenia-nnw-i-oc\/<\/a><\/p>\r\n<p>Ponadto ka\u017cdy student \u015bcie\u017cki \u201eNauczanie matematyki\u201d zobowi\u0105zany jest przed odbyciem praktyki do przed\u0142o\u017cenia informacji o niekaralno\u015bci z Krajowego Rejestru Karnego lub rejestru karnego innego pa\u0144stwa.<\/p>\r\n<p>Funkcj\u0119 Kierunkowego opiekuna praktyk w Katedrze Matematyki pe\u0142ni dr Monika Czajkowska (monika.czajkowska@ujk.edu.pl, pok. 555)<\/p>\r\n<p><br \/><a href=\"https:\/\/matematyka.ujk.edu.pl\/index.php\/sciezka-nauczanie-matematyki-praktyki-ciagle-i-stopien-2025-2026\/\"><b>\u015acie\u017cka Nauczanie Matematyki Praktyki ci\u0105g\u0142e I stopie\u0144 2025-2026<\/b><\/a><\/p>\r\n<p><a href=\"https:\/\/matematyka.ujk.edu.pl\/index.php\/sciezka-nauczanie-matematyki-praktyki-ciagle-i-stopien-2026-2027\/\"><b>\u015acie\u017cka Nauczanie Matematyki Praktyki ci\u0105g\u0142e I stopie\u0144 2026-2027<\/b><\/a><\/p>\r\n<p><a href=\"https:\/\/matematyka.ujk.edu.pl\/index.php\/sciezka-nauczanie-matematyki-praktyki-ciagle-ii-stopien-2025-2026\/\" rel=\"noopener\"><b>\u015acie\u017cka Nauczanie Matematyki Praktyki ci\u0105g\u0142e II stopie\u0144 2025-2026<\/b><\/a><\/p>\r\n<p><a href=\"https:\/\/matematyka.ujk.edu.pl\/index.php\/sciezka-nauczanie-matematyki-praktyki-srodroczne-i-stopien-2025-2026\/\" rel=\"noopener\"><b>\u015acie\u017cka Nauczanie Matematyki Praktyki \u015br\u00f3droczne I stopie\u0144 2025-2026<\/b><\/a><\/p>\r\n<p><a href=\"https:\/\/matematyka.ujk.edu.pl\/index.php\/sciezka-nauczanie-matematyki-praktyki-srodroczne-ii-stopien-2025-2026\/\" rel=\"noopener\"><b>\u015acie\u017cka Nauczanie Matematyki Praktyki \u015br\u00f3droczne II stopie\u0144 2025-2026<\/b><\/a><\/p>\r\n<p><a href=\"https:\/\/matematyka.ujk.edu.pl\/index.php\/sciezka-analiza-danych-i-modelowanie-matematyczne\/\" rel=\"noopener\"><b>\u015acie\u017cka Analiza danych i modelowanie matematyczne<\/b><\/a><\/p>\r\n\r\n\r\n","protected":false},"excerpt":{"rendered":"<p>Praktyki studenckie organizowane s\u0105 zgodnie z obowi\u0105zuj\u0105cymi na kierunku Matematyka programami studi\u00f3w w oparciu o nast\u0119puj\u0105ce akty prawne: Regulamin studi\u00f3w. Zarz\u0105dzenie nr 122\/2025 Rektora Uniwersytetu Jana Kochanowskiego w Kielcach z\u00a0dnia 3 lipca 2025 roku w sprawie praktyk zawodowych dla student\u00f3w oraz uczestnik\u00f3w studi\u00f3w podyplomowych Uniwersytetu Jana Kochanowskiego w Kielcach Procedura HOSPITACJI PRAKTYK ZAWODOWYCH WSZJK-WSP\/05. W [&hellip;]<\/p>\n","protected":false},"author":1,"featured_media":0,"parent":0,"menu_order":0,"comment_status":"closed","ping_status":"closed","template":"","meta":{"footnotes":""},"class_list":["post-167","page","type-page","status-publish","hentry"],"_links":{"self":[{"href":"https:\/\/matematyka.ujk.edu.pl\/index.php\/wp-json\/wp\/v2\/pages\/167","targetHints":{"allow":["GET"]}}],"collection":[{"href":"https:\/\/matematyka.ujk.edu.pl\/index.php\/wp-json\/wp\/v2\/pages"}],"about":[{"href":"https:\/\/matematyka.ujk.edu.pl\/index.php\/wp-json\/wp\/v2\/types\/page"}],"author":[{"embeddable":true,"href":"https:\/\/matematyka.ujk.edu.pl\/index.php\/wp-json\/wp\/v2\/users\/1"}],"replies":[{"embeddable":true,"href":"https:\/\/matematyka.ujk.edu.pl\/index.php\/wp-json\/wp\/v2\/comments?post=167"}],"version-history":[{"count":93,"href":"https:\/\/matematyka.ujk.edu.pl\/index.php\/wp-json\/wp\/v2\/pages\/167\/revisions"}],"predecessor-version":[{"id":1793,"href":"https:\/\/matematyka.ujk.edu.pl\/index.php\/wp-json\/wp\/v2\/pages\/167\/revisions\/1793"}],"wp:attachment":[{"href":"https:\/\/matematyka.ujk.edu.pl\/index.php\/wp-json\/wp\/v2\/media?parent=167"}],"curies":[{"name":"wp","href":"https:\/\/api.w.org\/{rel}","templated":true}]}}