{"id":173,"date":"2024-12-04T11:36:49","date_gmt":"2024-12-04T10:36:49","guid":{"rendered":"https:\/\/matematyka.ujk.edu.pl\/new\/?page_id=173"},"modified":"2025-12-04T11:22:48","modified_gmt":"2025-12-04T10:22:48","slug":"dyplomowanie","status":"publish","type":"page","link":"https:\/\/matematyka.ujk.edu.pl\/index.php\/dyplomowanie\/","title":{"rendered":"Dyplomowanie"},"content":{"rendered":"\r\n<p><a href=\"https:\/\/matematyka.ujk.edu.pl\/wp-content\/uploads\/2024\/11\/Zal._5_regulamin_dyplomowania_KM_2021_22.pdf\" target=\"_blank\" rel=\"noreferrer noopener\">Regulamin dyplomowania 2021\/2022 (zatwierdzony przez Kierunkowy Zesp\u00f3\u0142 ds. Jako\u015bci Kszta\u0142cenia dla kierunku Matematyka i Rad\u0119 Katedry Matematyki).pdf<\/a><\/p>\r\n\r\n\r\n\r\n<p><a href=\"https:\/\/matematyka.ujk.edu.pl\/wp-content\/uploads\/2024\/11\/Zalecenia_dotyczace_zawartosci_prac_dyplomowych_z_matematyki2.pdf\" target=\"_blank\" rel=\"noreferrer noopener\">Zalecenia dotycz\u0105ce zawarto\u015bci prac dyplomowych (licencjackich i magisterskich) z zakresu matematyki (pobierz)<\/a><\/p>\r\n\r\n\r\n\r\n<p><a href=\"https:\/\/matematyka.ujk.edu.pl\/wp-content\/uploads\/2024\/11\/Formularz_oceny_pracy_lic-mag_matematyka_Zal_do_recenzji.pdf\" target=\"_blank\" rel=\"noreferrer noopener\">Formularz oceny pracy licencjackiej\/magisterskiej z matematyki \u2013 za\u0142\u0105cznik do recenzji (pobierz)<\/a><\/p>\r\n\r\n\r\n\r\n<p><a href=\"https:\/\/wsp.ujk.edu.pl\/wp-content\/uploads\/pliki\/jakosc-ksztalcenia\/Procedura%20dyplomowania_WSP_2024_25.pdf\" target=\"_blank\" rel=\"noreferrer noopener\">Procedura dyplomowania WSP 2024\/2025.pdf<\/a><\/p>\r\n\r\n\r\n\r\n<p><a href=\"https:\/\/matematyka.ujk.edu.pl\/wp-content\/uploads\/2025\/09\/Uchwala_nr_8-2025_Regulamin_studiow_Zalacznik.pdf\" target=\"_blank\" rel=\"noreferrer noopener\">Regulamin studi\u00f3w \u2013 Uchwa\u0142a nr 8-2025.pdf<\/a><\/p>\r\n\r\n\r\n\r\n<p>Zagadnienia na egzamin:<\/p>\r\n<ul class=\"wp-block-list\">\r\n<li style=\"list-style-type: none;\">\r\n<ul class=\"wp-block-list\">\r\n<li><a href=\"https:\/\/matematyka.ujk.edu.pl\/wp-content\/uploads\/2025\/12\/zagadnienia_licencjat_2025_11_21.pdf\" target=\"_blank\" rel=\"noopener\">licencjacki (pobierz)<\/a><\/li>\r\n<li><a href=\"https:\/\/matematyka.ujk.edu.pl\/wp-content\/uploads\/2025\/12\/zagadnienia_magisterskie_2025_11_21.pdf\" target=\"_blank\" rel=\"noopener\">magisterski (pobierz)<\/a><\/li>\r\n\r\n\r\n<\/ul>\r\n<!-- \/wp:post-content --><\/li>\r\n<!-- \/wp:list-item --><\/ul>\r\n<!-- \/wp:list -->\r\n\r\n<!-- wp:paragraph -->\r\n<p><a href=\"https:\/\/matematyka.ujk.edu.pl\/wp-content\/uploads\/2024\/11\/KM_UJK_Przykladowy_Szablon_pracy_dyplomowej_v_22_01_05.zip\">Przyk\u0142adowy szablon pracy dyplomowej (pobierz)<\/a><\/p>\r\n<!-- \/wp:paragraph -->\r\n\r\n<!-- wp:paragraph -->\r\n<p><a href=\"https:\/\/matematyka.ujk.edu.pl\/wp-content\/uploads\/2024\/11\/KMUJK_zalecana_organizacja_pracy-prace-licencjackie_ver_KZJK_25_05_2022.pdf\" target=\"_blank\" rel=\"noreferrer noopener\">ZALECANA ORGANIZACJA PRACY PRZY PRZYGOTOWANIU PRAC LICENCJACKICH<\/a><\/p>\r\n<!-- \/wp:paragraph -->\r\n\r\n<!-- wp:paragraph -->\r\n<p><a href=\"https:\/\/matematyka.ujk.edu.pl\/wp-content\/uploads\/2024\/11\/KMUJK_zalecana-organizacja_pracy-prace-magistesrkie_ver_KZJK_25_05_2022.pdf\" target=\"_blank\" rel=\"noreferrer noopener\">ZALECANA ORGANIZACJA PRACY PRZY PRZYGOTOWANIU PRAC MAGISTERSKICH<\/a><\/p>\r\n<!-- \/wp:paragraph -->","protected":false},"excerpt":{"rendered":"<p>Regulamin dyplomowania 2021\/2022 (zatwierdzony przez Kierunkowy Zesp\u00f3\u0142 ds. Jako\u015bci Kszta\u0142cenia dla kierunku Matematyka i Rad\u0119 Katedry Matematyki).pdf Zalecenia dotycz\u0105ce zawarto\u015bci prac dyplomowych (licencjackich i magisterskich) z zakresu matematyki (pobierz) Formularz oceny pracy licencjackiej\/magisterskiej z matematyki \u2013 za\u0142\u0105cznik do recenzji (pobierz) Procedura dyplomowania WSP 2024\/2025.pdf Regulamin studi\u00f3w \u2013 Uchwa\u0142a nr 8-2025.pdf Zagadnienia na egzamin: licencjacki (pobierz) [&hellip;]<\/p>\n","protected":false},"author":1,"featured_media":0,"parent":0,"menu_order":0,"comment_status":"closed","ping_status":"closed","template":"","meta":{"footnotes":""},"class_list":["post-173","page","type-page","status-publish","hentry"],"_links":{"self":[{"href":"https:\/\/matematyka.ujk.edu.pl\/index.php\/wp-json\/wp\/v2\/pages\/173","targetHints":{"allow":["GET"]}}],"collection":[{"href":"https:\/\/matematyka.ujk.edu.pl\/index.php\/wp-json\/wp\/v2\/pages"}],"about":[{"href":"https:\/\/matematyka.ujk.edu.pl\/index.php\/wp-json\/wp\/v2\/types\/page"}],"author":[{"embeddable":true,"href":"https:\/\/matematyka.ujk.edu.pl\/index.php\/wp-json\/wp\/v2\/users\/1"}],"replies":[{"embeddable":true,"href":"https:\/\/matematyka.ujk.edu.pl\/index.php\/wp-json\/wp\/v2\/comments?post=173"}],"version-history":[{"count":21,"href":"https:\/\/matematyka.ujk.edu.pl\/index.php\/wp-json\/wp\/v2\/pages\/173\/revisions"}],"predecessor-version":[{"id":1864,"href":"https:\/\/matematyka.ujk.edu.pl\/index.php\/wp-json\/wp\/v2\/pages\/173\/revisions\/1864"}],"wp:attachment":[{"href":"https:\/\/matematyka.ujk.edu.pl\/index.php\/wp-json\/wp\/v2\/media?parent=173"}],"curies":[{"name":"wp","href":"https:\/\/api.w.org\/{rel}","templated":true}]}}