{"id":1758,"date":"2025-11-05T14:46:01","date_gmt":"2025-11-05T13:46:01","guid":{"rendered":"https:\/\/matematyka.ujk.edu.pl\/?page_id=1758"},"modified":"2025-11-06T08:31:24","modified_gmt":"2025-11-06T07:31:24","slug":"sciezka-nauczanie-matematyki-praktyki-srodroczne-ii-stopien-2025-2026","status":"publish","type":"page","link":"https:\/\/matematyka.ujk.edu.pl\/index.php\/sciezka-nauczanie-matematyki-praktyki-srodroczne-ii-stopien-2025-2026\/","title":{"rendered":"\u015acie\u017cka Nauczanie Matematyki Praktyki \u015br\u00f3droczne II stopie\u0144 2025-2026"},"content":{"rendered":"<p><a href=\"https:\/\/matematyka.ujk.edu.pl\/wp-content\/uploads\/2025\/11\/Regulamin_nauczanie_matematyki_2025-2026.docx\" target=\"_blank\" rel=\"noopener\">Regulamin nauczanie matematyki.docx<\/a><br \/>\n<a href=\"https:\/\/matematyka.ujk.edu.pl\/wp-content\/uploads\/2025\/11\/Instrukcja_praktyka_srodroczna_PS_II_st_2024_2025.docx\" target=\"_blank\" rel=\"noopener\">Instrukcja praktyka \u015br\u00f3droczna (PS) II st.docx<\/a><br \/>\n<a href=\"https:\/\/matematyka.ujk.edu.pl\/wp-content\/uploads\/2025\/11\/Program_praktyki_IIst_2024_2025.docx\" target=\"_blank\" rel=\"noopener\">Program praktyki II st.docx<\/a><br \/>\n<a href=\"https:\/\/matematyka.ujk.edu.pl\/wp-content\/uploads\/2025\/11\/Program_praktyki_Ist_2024_2025.docx\" target=\"_blank\" rel=\"noopener\">Program praktyki I st.docx<\/a><br \/>\n<a href=\"https:\/\/matematyka.ujk.edu.pl\/wp-content\/uploads\/2025\/11\/Zal_1_PS-Oswiadczenie_stud_-_zapoznanie_z_dokumentami.docx\" target=\"_blank\" rel=\"noopener\">Za\u0142 1 PS O\u015bwiadczenie student &#8211; zapoznanie z dokumentami.docx<\/a><br \/>\n<a href=\"https:\/\/matematyka.ujk.edu.pl\/wp-content\/uploads\/2025\/11\/Zal_2_PS-Oswiadczenie_stud_-_ubezpieczenie.docx\" target=\"_blank\" rel=\"noopener\">Za\u0142 2 PS O\u015bwiadczenie student &#8211; ubezpieczenie.docx<\/a><br \/>\n<a href=\"https:\/\/matematyka.ujk.edu.pl\/wp-content\/uploads\/2025\/11\/Zal_3_PS-Karta_informacyjna_PS.docx\" target=\"_blank\" rel=\"noopener\">Za\u0142 3 PS Karta informacyjna (PS).docx<\/a><br \/>\n<a href=\"https:\/\/matematyka.ujk.edu.pl\/wp-content\/uploads\/2025\/11\/Zal_4_PS-harmonogram.docx\" target=\"_blank\" rel=\"noopener\">Za\u0142 4 PS Harmonogram.docx<\/a><br \/>\n<a href=\"https:\/\/matematyka.ujk.edu.pl\/wp-content\/uploads\/2025\/11\/Zal_5_PS-Wzor_formularza_zestawienia_lekcji_prowadzonych.docx\" target=\"_blank\" rel=\"noopener\">Za\u0142 5 PS Wz\u00f3r formularza zestawienia lekcji prowadzonych.docx<\/a><br \/>\n<a href=\"https:\/\/matematyka.ujk.edu.pl\/wp-content\/uploads\/2025\/11\/Zal_6_PS-Wzor_formularza_zestawienia_lekcji_hospitowanych.docx\" target=\"_blank\" rel=\"noopener\">Za\u0142 6 PS Wz\u00f3r formularza zestawienia lekcji hospitowanych.docx<\/a><br \/>\n<a href=\"https:\/\/matematyka.ujk.edu.pl\/wp-content\/uploads\/2025\/11\/Zal_7_PS-Wzor_formularza_zestawienia_czynnosci.docx\" target=\"_blank\" rel=\"noopener\">Za\u0142 7 PS Wz\u00f3r formularza zestawienia czynno\u015bci.docx<\/a><br \/>\n<a href=\"https:\/\/matematyka.ujk.edu.pl\/wp-content\/uploads\/2025\/11\/Zal_8_PS-Wzor_scenariusza_lekcji.docx\" target=\"_blank\" rel=\"noopener\">Za\u0142 8 PS Wz\u00f3r scenariusza lekcji.docx<\/a><br \/>\n<a href=\"https:\/\/matematyka.ujk.edu.pl\/wp-content\/uploads\/2025\/11\/Zal_9_PS-Wzor_arkusza_hospitacji.docx\" target=\"_blank\" rel=\"noopener\">Za\u0142 9 PS Wz\u00f3r arkusza hospitacji.docx<\/a><br \/>\n<a href=\"https:\/\/matematyka.ujk.edu.pl\/wp-content\/uploads\/2025\/11\/Zal_10_PS-fiszki_na_teczki.docx\" target=\"_blank\" rel=\"noopener\">Za\u0142 10 PS Fiszki na teczki.docx<\/a><\/p>\n","protected":false},"excerpt":{"rendered":"<p>Regulamin nauczanie matematyki.docx Instrukcja praktyka \u015br\u00f3droczna (PS) II st.docx Program praktyki II st.docx Program praktyki I st.docx Za\u0142 1 PS O\u015bwiadczenie student &#8211; zapoznanie z dokumentami.docx Za\u0142 2 PS O\u015bwiadczenie student &#8211; ubezpieczenie.docx Za\u0142 3 PS Karta informacyjna (PS).docx Za\u0142 4 PS Harmonogram.docx Za\u0142 5 PS Wz\u00f3r formularza zestawienia lekcji prowadzonych.docx Za\u0142 6 PS Wz\u00f3r [&hellip;]<\/p>\n","protected":false},"author":1,"featured_media":0,"parent":0,"menu_order":0,"comment_status":"closed","ping_status":"closed","template":"","meta":{"footnotes":""},"class_list":["post-1758","page","type-page","status-publish","hentry"],"_links":{"self":[{"href":"https:\/\/matematyka.ujk.edu.pl\/index.php\/wp-json\/wp\/v2\/pages\/1758","targetHints":{"allow":["GET"]}}],"collection":[{"href":"https:\/\/matematyka.ujk.edu.pl\/index.php\/wp-json\/wp\/v2\/pages"}],"about":[{"href":"https:\/\/matematyka.ujk.edu.pl\/index.php\/wp-json\/wp\/v2\/types\/page"}],"author":[{"embeddable":true,"href":"https:\/\/matematyka.ujk.edu.pl\/index.php\/wp-json\/wp\/v2\/users\/1"}],"replies":[{"embeddable":true,"href":"https:\/\/matematyka.ujk.edu.pl\/index.php\/wp-json\/wp\/v2\/comments?post=1758"}],"version-history":[{"count":16,"href":"https:\/\/matematyka.ujk.edu.pl\/index.php\/wp-json\/wp\/v2\/pages\/1758\/revisions"}],"predecessor-version":[{"id":1788,"href":"https:\/\/matematyka.ujk.edu.pl\/index.php\/wp-json\/wp\/v2\/pages\/1758\/revisions\/1788"}],"wp:attachment":[{"href":"https:\/\/matematyka.ujk.edu.pl\/index.php\/wp-json\/wp\/v2\/media?parent=1758"}],"curies":[{"name":"wp","href":"https:\/\/api.w.org\/{rel}","templated":true}]}}