{"id":176,"date":"2024-12-04T11:39:16","date_gmt":"2024-12-04T10:39:16","guid":{"rendered":"https:\/\/matematyka.ujk.edu.pl\/new\/?page_id=176"},"modified":"2024-12-11T10:39:40","modified_gmt":"2024-12-11T09:39:40","slug":"informacja","status":"publish","type":"page","link":"https:\/\/matematyka.ujk.edu.pl\/index.php\/informacja\/","title":{"rendered":"Informacja"},"content":{"rendered":"\r\n<p><strong>Informacja og\u00f3lna<\/strong><\/p>\r\n\r\n\r\n<hr class=\"wp-block-separator has-alpha-channel-opacity\" \/>\r\n\r\n\r\n<figure class=\"wp-block-table\">\r\n<table class=\"has-fixed-layout\" style=\"height: 807px;\" width=\"535\">\r\n<tbody>\r\n<tr>\r\n<td colspan=\"2\">Katedra Matematyki V pi\u0119tro Wydzia\u0142 Nauk \u015acis\u0142ych i Przyrodniczych<\/td>\r\n<\/tr>\r\n<tr>\r\n<td>in\u017c. Andrzej Pawlak pok. 554<\/td>\r\n<td><strong>tel. 041 349 62 74<\/strong><\/td>\r\n<\/tr>\r\n<tr>\r\n<td colspan=\"2\">\u00a0<\/td>\r\n<\/tr>\r\n<tr>\r\n<td colspan=\"2\">DZIEKANAT<\/td>\r\n<\/tr>\r\n<tr>\r\n<td>mgr Monika B\u0142achut<\/td>\r\n<td><strong>tel. 041 349 62 38<\/strong><\/td>\r\n<\/tr>\r\n<tr>\r\n<td>\u00a0<\/td>\r\n<td>monika.blachut@ujk.edu.pl<\/td>\r\n<\/tr>\r\n<tr>\r\n<td colspan=\"2\">\u00a0<\/td>\r\n<\/tr>\r\n<tr>\r\n<td colspan=\"2\">SPRAWY SOCJALNE<\/td>\r\n<\/tr>\r\n<tr>\r\n<td>mgr Ma\u0142gorzata M\u0142ynarczyk pok. 110D<\/td>\r\n<td><strong>tel. 041 349 62 39<\/strong><\/td>\r\n<\/tr>\r\n<tr>\r\n<td>\u00a0<\/td>\r\n<td>malgorzata.mlynarczyk@ujk.edu.pl<\/td>\r\n<\/tr>\r\n<tr>\r\n<td>\u00a0<\/td>\r\n<td>\u00a0<\/td>\r\n<\/tr>\r\n<tr>\r\n<td colspan=\"2\">P\u0141ATNO\u015aCI STUDENT\u00d3W, SPRAWY ZWI\u0104ZANE Z NAUK\u0104<\/td>\r\n<\/tr>\r\n<tr>\r\n<td>mgr Karolina Zych pok. 101D<\/td>\r\n<td><strong>tel. 041 349 62 31<\/strong><\/td>\r\n<\/tr>\r\n<tr>\r\n<td>\u00a0<\/td>\r\n<td>karolina.zych@ujk.edu.pl<\/td>\r\n<\/tr>\r\n<tr>\r\n<td>\u00a0<\/td>\r\n<td>\u00a0<\/td>\r\n<\/tr>\r\n<tr>\r\n<td>INFORMATYK WYDZIA\u0141OWY<\/td>\r\n<td>\u00a0<\/td>\r\n<\/tr>\r\n<tr>\r\n<td>Karol Majer pok. 106D<\/td>\r\n<td><strong>tel. 041 349 62 40<\/strong><\/td>\r\n<\/tr>\r\n<tr>\r\n<td>\u00a0<\/td>\r\n<td>karol.majer@ujk.edu.pl<\/td>\r\n<\/tr>\r\n<tr>\r\n<td>\u00a0<\/td>\r\n<td>\u00a0<\/td>\r\n<\/tr>\r\n<tr>\r\n<td colspan=\"2\">Godziny przyj\u0119\u0107 Dziekanatu<\/td>\r\n<\/tr>\r\n<tr>\r\n<td>Poniedzia\u0142ek<\/td>\r\n<td>nieczynne<\/td>\r\n<\/tr>\r\n<tr>\r\n<td>Wtorek<\/td>\r\n<td>10:00 \u2013 14:00<\/td>\r\n<\/tr>\r\n<tr>\r\n<td>\u015aroda<\/td>\r\n<td>10:00 \u2013 14:00<\/td>\r\n<\/tr>\r\n<tr>\r\n<td>Czwartek<\/td>\r\n<td>10:00 \u2013 14:00<\/td>\r\n<\/tr>\r\n<tr>\r\n<td>Pi\u0105tek<\/td>\r\n<td>9:00 \u2013 14:00<\/td>\r\n<\/tr>\r\n<\/tbody>\r\n<\/table>\r\n<\/figure>\r\n\r\n\r\n\r\n<p><strong>Szczeg\u00f3\u0142owych informacji udziela\u0107 b\u0119dzie opiekun roku oraz starosta.<\/strong><\/p>\r\n\r\n\r\n\r\n<p><a href=\"https:\/\/abk.ujk.edu.pl\/\" target=\"_blank\" rel=\"noreferrer noopener\">Akademickie Biuro Karier Uniwersytetu Jana Kochanowskiego w Kielcach<\/a><\/p>\r\n\r\n\r\n\r\n<p><a href=\"https:\/\/cwozn.ujk.edu.pl\/\" target=\"_blank\" rel=\"noreferrer noopener\">Centrum Wsparcia Os\u00f3b z Niepe\u0142nosprawno\u015bciami<\/a><\/p>\r\n\r\n\r\n\r\n<p><a href=\"https:\/\/wsp.ujk.edu.pl\/studenci\/wnioski-i-wzory-dokumentow\/\" target=\"_blank\" rel=\"noreferrer noopener\">Pliki do pbrania<\/a><\/p>\r\n\r\n\r\n\r\n<p>&nbsp;<\/p>\r\n","protected":false},"excerpt":{"rendered":"<p>Informacja og\u00f3lna Katedra Matematyki V pi\u0119tro Wydzia\u0142 Nauk \u015acis\u0142ych i Przyrodniczych in\u017c. Andrzej Pawlak pok. 554 tel. 041 349 62 74 \u00a0 DZIEKANAT mgr Monika B\u0142achut tel. 041 349 62 38 \u00a0 monika.blachut@ujk.edu.pl \u00a0 SPRAWY SOCJALNE mgr Ma\u0142gorzata M\u0142ynarczyk pok. 110D tel. 041 349 62 39 \u00a0 malgorzata.mlynarczyk@ujk.edu.pl \u00a0 \u00a0 P\u0141ATNO\u015aCI STUDENT\u00d3W, SPRAWY ZWI\u0104ZANE Z [&hellip;]<\/p>\n","protected":false},"author":1,"featured_media":0,"parent":0,"menu_order":0,"comment_status":"closed","ping_status":"closed","template":"","meta":{"footnotes":""},"class_list":["post-176","page","type-page","status-publish","hentry"],"_links":{"self":[{"href":"https:\/\/matematyka.ujk.edu.pl\/index.php\/wp-json\/wp\/v2\/pages\/176","targetHints":{"allow":["GET"]}}],"collection":[{"href":"https:\/\/matematyka.ujk.edu.pl\/index.php\/wp-json\/wp\/v2\/pages"}],"about":[{"href":"https:\/\/matematyka.ujk.edu.pl\/index.php\/wp-json\/wp\/v2\/types\/page"}],"author":[{"embeddable":true,"href":"https:\/\/matematyka.ujk.edu.pl\/index.php\/wp-json\/wp\/v2\/users\/1"}],"replies":[{"embeddable":true,"href":"https:\/\/matematyka.ujk.edu.pl\/index.php\/wp-json\/wp\/v2\/comments?post=176"}],"version-history":[{"count":8,"href":"https:\/\/matematyka.ujk.edu.pl\/index.php\/wp-json\/wp\/v2\/pages\/176\/revisions"}],"predecessor-version":[{"id":751,"href":"https:\/\/matematyka.ujk.edu.pl\/index.php\/wp-json\/wp\/v2\/pages\/176\/revisions\/751"}],"wp:attachment":[{"href":"https:\/\/matematyka.ujk.edu.pl\/index.php\/wp-json\/wp\/v2\/media?parent=176"}],"curies":[{"name":"wp","href":"https:\/\/api.w.org\/{rel}","templated":true}]}}