{"id":1789,"date":"2025-11-06T08:36:41","date_gmt":"2025-11-06T07:36:41","guid":{"rendered":"https:\/\/matematyka.ujk.edu.pl\/?page_id=1789"},"modified":"2025-11-06T09:09:28","modified_gmt":"2025-11-06T08:09:28","slug":"sciezka-analiza-danych-i-modelowanie-matematyczne","status":"publish","type":"page","link":"https:\/\/matematyka.ujk.edu.pl\/index.php\/sciezka-analiza-danych-i-modelowanie-matematyczne\/","title":{"rendered":"\u015acie\u017cka Analiza danych i modelowanie matematyczne"},"content":{"rendered":"<p><a href=\"https:\/\/matematyka.ujk.edu.pl\/wp-content\/uploads\/2025\/11\/regulamin.\u2013_praktyka_zawodowa.docx\" target=\"_blank\" rel=\"noopener\">Regulamin \u2013 praktyka zawodowa.docx<\/a><br \/>\n<a href=\"https:\/\/matematyka.ujk.edu.pl\/wp-content\/uploads\/2025\/11\/instrukcja.\u2013_praktyka_zawodowa_I_st.docx\" target=\"_blank\" rel=\"noopener\">Instrukcja \u2013 praktyka zawodowa I st.docx<\/a><br \/>\n<a href=\"https:\/\/matematyka.ujk.edu.pl\/wp-content\/uploads\/2025\/11\/instrukcja.\u2013_praktyka_zawodowa_II_st.docx\" target=\"_blank\" rel=\"noopener\">Instrukcja \u2013 praktyka zawodowa II st.docx<\/a><br \/>\n<a href=\"https:\/\/matematyka.ujk.edu.pl\/wp-content\/uploads\/2025\/11\/Program.praktyki_I_st.docx\" target=\"_blank\" rel=\"noopener\">Program praktyki I st.docx<\/a><br \/>\n<a href=\"https:\/\/matematyka.ujk.edu.pl\/wp-content\/uploads\/2025\/11\/Program.praktyki_II_st.docx\" target=\"_blank\" rel=\"noopener\">Program praktyki II st.docx<\/a><br \/>\n<a href=\"https:\/\/matematyka.ujk.edu.pl\/wp-content\/uploads\/2025\/11\/Zal.1_PZ_Dziennik_praktyk.doc\" target=\"_blank\" rel=\"noopener\">Za\u0142 1 PZ Dziennik praktyk.docx<\/a><br \/>\n<a href=\"https:\/\/matematyka.ujk.edu.pl\/wp-content\/uploads\/2025\/11\/Zal.2_PZ_Zarzadzenie_nr_122-2025_Praktyki_zawodowe_dla_studentow_Zalacznik_nr_13.docx\" target=\"_blank\" rel=\"noopener\">Za\u0142 2 PZ Zarz\u0105dzenie nr 122-2025 Praktyki zawodowe dla student\u00f3w Za\u0142&#8230;nr 13.docx<\/a><br \/>\n<a href=\"https:\/\/matematyka.ujk.edu.pl\/wp-content\/uploads\/2025\/11\/Zal.3_PZ_Zarzadzenie_nr_122-2025_Praktyki_zawodowe_dla_studentow_Zalacznik_nr_14.docx\" target=\"_blank\" rel=\"noopener\">Za\u0142 3 PZ Zarz\u0105dzenie nr 122-2025 Praktyki zawodowe dla student\u00f3w Za\u0142&#8230;nr 14.docx<\/a><br \/>\n<a href=\"https:\/\/matematyka.ujk.edu.pl\/wp-content\/uploads\/2025\/11\/Zal.4_PZ_oswiadczenie_opiekuna.docx\" target=\"_blank\" rel=\"noopener\">Za\u0142 4 PZ O\u015bwiadczenie opiekuna.docx<\/a><\/p>\n","protected":false},"excerpt":{"rendered":"<p>Regulamin \u2013 praktyka zawodowa.docx Instrukcja \u2013 praktyka zawodowa I st.docx Instrukcja \u2013 praktyka zawodowa II st.docx Program praktyki I st.docx Program praktyki II st.docx Za\u0142 1 PZ Dziennik praktyk.docx Za\u0142 2 PZ Zarz\u0105dzenie nr 122-2025 Praktyki zawodowe dla student\u00f3w Za\u0142&#8230;nr 13.docx Za\u0142 3 PZ Zarz\u0105dzenie nr 122-2025 Praktyki zawodowe dla student\u00f3w Za\u0142&#8230;nr 14.docx Za\u0142 4 [&hellip;]<\/p>\n","protected":false},"author":1,"featured_media":0,"parent":0,"menu_order":0,"comment_status":"closed","ping_status":"closed","template":"","meta":{"footnotes":""},"class_list":["post-1789","page","type-page","status-publish","hentry"],"_links":{"self":[{"href":"https:\/\/matematyka.ujk.edu.pl\/index.php\/wp-json\/wp\/v2\/pages\/1789","targetHints":{"allow":["GET"]}}],"collection":[{"href":"https:\/\/matematyka.ujk.edu.pl\/index.php\/wp-json\/wp\/v2\/pages"}],"about":[{"href":"https:\/\/matematyka.ujk.edu.pl\/index.php\/wp-json\/wp\/v2\/types\/page"}],"author":[{"embeddable":true,"href":"https:\/\/matematyka.ujk.edu.pl\/index.php\/wp-json\/wp\/v2\/users\/1"}],"replies":[{"embeddable":true,"href":"https:\/\/matematyka.ujk.edu.pl\/index.php\/wp-json\/wp\/v2\/comments?post=1789"}],"version-history":[{"count":9,"href":"https:\/\/matematyka.ujk.edu.pl\/index.php\/wp-json\/wp\/v2\/pages\/1789\/revisions"}],"predecessor-version":[{"id":1810,"href":"https:\/\/matematyka.ujk.edu.pl\/index.php\/wp-json\/wp\/v2\/pages\/1789\/revisions\/1810"}],"wp:attachment":[{"href":"https:\/\/matematyka.ujk.edu.pl\/index.php\/wp-json\/wp\/v2\/media?parent=1789"}],"curies":[{"name":"wp","href":"https:\/\/api.w.org\/{rel}","templated":true}]}}