{"id":187,"date":"2024-12-04T11:56:55","date_gmt":"2024-12-04T10:56:55","guid":{"rendered":"https:\/\/matematyka.ujk.edu.pl\/new\/?page_id=187"},"modified":"2024-12-04T12:00:11","modified_gmt":"2024-12-04T11:00:11","slug":"rozklady-zajec","status":"publish","type":"page","link":"https:\/\/matematyka.ujk.edu.pl\/index.php\/rozklady-zajec\/","title":{"rendered":"Rozk\u0142ady zaj\u0119\u0107"},"content":{"rendered":"\n<p>Rozk\u0142ady zaj\u0119\u0107 w roku akademickim 2023\/2024 dost\u0119pne na stronach\u00a0<a href=\"https:\/\/wu.ujk.edu.pl\/WU\/\" target=\"_blank\" rel=\"noreferrer noopener\">Wirtualnej Uczelni<\/a><\/p>\n\n\n\n<p><\/p>\n","protected":false},"excerpt":{"rendered":"<p>Rozk\u0142ady zaj\u0119\u0107 w roku akademickim 2023\/2024 dost\u0119pne na stronach\u00a0Wirtualnej Uczelni<\/p>\n","protected":false},"author":1,"featured_media":0,"parent":0,"menu_order":0,"comment_status":"closed","ping_status":"closed","template":"","meta":{"footnotes":""},"class_list":["post-187","page","type-page","status-publish","hentry"],"_links":{"self":[{"href":"https:\/\/matematyka.ujk.edu.pl\/index.php\/wp-json\/wp\/v2\/pages\/187","targetHints":{"allow":["GET"]}}],"collection":[{"href":"https:\/\/matematyka.ujk.edu.pl\/index.php\/wp-json\/wp\/v2\/pages"}],"about":[{"href":"https:\/\/matematyka.ujk.edu.pl\/index.php\/wp-json\/wp\/v2\/types\/page"}],"author":[{"embeddable":true,"href":"https:\/\/matematyka.ujk.edu.pl\/index.php\/wp-json\/wp\/v2\/users\/1"}],"replies":[{"embeddable":true,"href":"https:\/\/matematyka.ujk.edu.pl\/index.php\/wp-json\/wp\/v2\/comments?post=187"}],"version-history":[{"count":3,"href":"https:\/\/matematyka.ujk.edu.pl\/index.php\/wp-json\/wp\/v2\/pages\/187\/revisions"}],"predecessor-version":[{"id":191,"href":"https:\/\/matematyka.ujk.edu.pl\/index.php\/wp-json\/wp\/v2\/pages\/187\/revisions\/191"}],"wp:attachment":[{"href":"https:\/\/matematyka.ujk.edu.pl\/index.php\/wp-json\/wp\/v2\/media?parent=187"}],"curies":[{"name":"wp","href":"https:\/\/api.w.org\/{rel}","templated":true}]}}