{"id":195,"date":"2024-12-04T12:17:56","date_gmt":"2024-12-04T11:17:56","guid":{"rendered":"https:\/\/matematyka.ujk.edu.pl\/new\/?page_id=195"},"modified":"2026-01-15T10:55:36","modified_gmt":"2026-01-15T09:55:36","slug":"jakosc-ksztalcenia-informacje","status":"publish","type":"page","link":"https:\/\/matematyka.ujk.edu.pl\/index.php\/jakosc-ksztalcenia-informacje\/","title":{"rendered":"Jako\u015b\u0107 Kszta\u0142cenia \u2013 informacje"},"content":{"rendered":"\r\n<h3 class=\"wp-block-heading\">Regulamin studi\u00f3w<\/h3>\r\n\r\n\r\n\r\n<p><a href=\"https:\/\/bip.ujk.edu.pl\/webujk\/225\" target=\"_blank\" rel=\"noreferrer noopener\">Regulamin studi\u00f3w Uniwersytetu Jana Kochanowskiego<\/a>.\u00a0<\/p>\r\n\r\n\r\n\r\n<h3 class=\"wp-block-heading\">Ksi\u0119ga procedur<\/h3>\r\n\r\n\r\n\r\n<p><a href=\"https:\/\/ujk.edu.pl\/ksztalcenie\/system-zapewniania-jakosci-ksztalcenia\/uczelniany-system-zapewniania-jakosci-ksztalcenia-uszjk\/ksiega-procedur\/\" target=\"_blank\" rel=\"noreferrer noopener\">Ksi\u0119ga procedur UJK<\/a><br \/><a href=\"https:\/\/wsp.ujk.edu.pl\/jakosc-ksztalcenia\/ksiega-procedur\/\" target=\"_blank\" rel=\"noreferrer noopener\">Ksi\u0119ga procedur WSP<\/a><\/p>\r\n","protected":false},"excerpt":{"rendered":"<p>Regulamin studi\u00f3w Regulamin studi\u00f3w Uniwersytetu Jana Kochanowskiego.\u00a0 Ksi\u0119ga procedur Ksi\u0119ga procedur UJKKsi\u0119ga procedur WSP<\/p>\n","protected":false},"author":1,"featured_media":0,"parent":0,"menu_order":0,"comment_status":"closed","ping_status":"closed","template":"","meta":{"footnotes":""},"class_list":["post-195","page","type-page","status-publish","hentry"],"_links":{"self":[{"href":"https:\/\/matematyka.ujk.edu.pl\/index.php\/wp-json\/wp\/v2\/pages\/195","targetHints":{"allow":["GET"]}}],"collection":[{"href":"https:\/\/matematyka.ujk.edu.pl\/index.php\/wp-json\/wp\/v2\/pages"}],"about":[{"href":"https:\/\/matematyka.ujk.edu.pl\/index.php\/wp-json\/wp\/v2\/types\/page"}],"author":[{"embeddable":true,"href":"https:\/\/matematyka.ujk.edu.pl\/index.php\/wp-json\/wp\/v2\/users\/1"}],"replies":[{"embeddable":true,"href":"https:\/\/matematyka.ujk.edu.pl\/index.php\/wp-json\/wp\/v2\/comments?post=195"}],"version-history":[{"count":6,"href":"https:\/\/matematyka.ujk.edu.pl\/index.php\/wp-json\/wp\/v2\/pages\/195\/revisions"}],"predecessor-version":[{"id":1893,"href":"https:\/\/matematyka.ujk.edu.pl\/index.php\/wp-json\/wp\/v2\/pages\/195\/revisions\/1893"}],"wp:attachment":[{"href":"https:\/\/matematyka.ujk.edu.pl\/index.php\/wp-json\/wp\/v2\/media?parent=195"}],"curies":[{"name":"wp","href":"https:\/\/api.w.org\/{rel}","templated":true}]}}