{"id":200,"date":"2024-12-04T12:22:17","date_gmt":"2024-12-04T11:22:17","guid":{"rendered":"https:\/\/matematyka.ujk.edu.pl\/new\/?page_id=200"},"modified":"2026-01-15T10:27:52","modified_gmt":"2026-01-15T09:27:52","slug":"kierunkowy-zespol-ds-jakosci-ksztalcenia","status":"publish","type":"page","link":"https:\/\/matematyka.ujk.edu.pl\/index.php\/kierunkowy-zespol-ds-jakosci-ksztalcenia\/","title":{"rendered":"Kierunkowy Zesp\u00f3\u0142 ds. Jako\u015bci Kszta\u0142cenia"},"content":{"rendered":"\r\n<p><strong>Kierunkowy Zesp\u00f3\u0142 ds. Jako\u015bci Kszta\u0142cenia (KZJK) na Wydziale Nauk \u015acis\u0142ych<br \/>i Przyrodniczych dla kierunku studi\u00f3w MATEMATYKA<\/strong><\/p>\r\n\r\n\r\n\r\n<p>Sk\u0142ad Kierunkowego Zespo\u0142u ds. Jako\u015bci Kszta\u0142cenia dla kierunku MATEMATYKA:<\/p>\r\n<ol>\r\n<li>dr Magdalena Chrapek zast\u0119pca kierownika Katedry Matematyki ds. kszta\u0142cenia<\/li>\r\n<li>dr. hab. prof. UJK Wojciech Jab\u0142o\u0144ski \u2013 kierownik Katedry Matematyki (reprezentant kierunku matematyka)<\/li>\r\n<li>dr hab. prof. UJK Grzegorz \u0141ysik \u2013 n-l akademicki (reprezentant kierunku matematyka)<\/li>\r\n<li>dr hab. prof. UJK Olena Karlova \u2013 n-l akademicki (reprezentant kierunku matematyka)<\/li>\r\n<li>dr Monika Czajkowska \u2013 n-l akademicki (reprezentant kierunku matematyka)<\/li>\r\n<li>doc. Dr El\u017cbieta Zaj\u0105c \u2013 n-l akademicki (reprezentant kierunku matematyka)<\/li>\r\n<li>dr Joanna Garbuli\u0144ska-W\u0119grzyn \u2013 n-l akademicki (reprezentant kierunku matematyka)<\/li>\r\n<li>dr Renata Wojtu\u015b \u2013 przedstawiciel interesariuszy zewn\u0119trznych<\/li>\r\n<li>Joanna Luba \u2013 przedstawiciel student\u00f3w<\/li>\r\n<\/ol>\r\n","protected":false},"excerpt":{"rendered":"<p>Kierunkowy Zesp\u00f3\u0142 ds. Jako\u015bci Kszta\u0142cenia (KZJK) na Wydziale Nauk \u015acis\u0142ychi Przyrodniczych dla kierunku studi\u00f3w MATEMATYKA Sk\u0142ad Kierunkowego Zespo\u0142u ds. Jako\u015bci Kszta\u0142cenia dla kierunku MATEMATYKA: dr Magdalena Chrapek zast\u0119pca kierownika Katedry Matematyki ds. kszta\u0142cenia dr. hab. prof. UJK Wojciech Jab\u0142o\u0144ski \u2013 kierownik Katedry Matematyki (reprezentant kierunku matematyka) dr hab. prof. UJK Grzegorz \u0141ysik \u2013 n-l akademicki [&hellip;]<\/p>\n","protected":false},"author":1,"featured_media":0,"parent":0,"menu_order":0,"comment_status":"closed","ping_status":"closed","template":"","meta":{"footnotes":""},"class_list":["post-200","page","type-page","status-publish","hentry"],"_links":{"self":[{"href":"https:\/\/matematyka.ujk.edu.pl\/index.php\/wp-json\/wp\/v2\/pages\/200","targetHints":{"allow":["GET"]}}],"collection":[{"href":"https:\/\/matematyka.ujk.edu.pl\/index.php\/wp-json\/wp\/v2\/pages"}],"about":[{"href":"https:\/\/matematyka.ujk.edu.pl\/index.php\/wp-json\/wp\/v2\/types\/page"}],"author":[{"embeddable":true,"href":"https:\/\/matematyka.ujk.edu.pl\/index.php\/wp-json\/wp\/v2\/users\/1"}],"replies":[{"embeddable":true,"href":"https:\/\/matematyka.ujk.edu.pl\/index.php\/wp-json\/wp\/v2\/comments?post=200"}],"version-history":[{"count":18,"href":"https:\/\/matematyka.ujk.edu.pl\/index.php\/wp-json\/wp\/v2\/pages\/200\/revisions"}],"predecessor-version":[{"id":1880,"href":"https:\/\/matematyka.ujk.edu.pl\/index.php\/wp-json\/wp\/v2\/pages\/200\/revisions\/1880"}],"wp:attachment":[{"href":"https:\/\/matematyka.ujk.edu.pl\/index.php\/wp-json\/wp\/v2\/media?parent=200"}],"curies":[{"name":"wp","href":"https:\/\/api.w.org\/{rel}","templated":true}]}}