{"id":2085,"date":"2026-04-28T10:35:14","date_gmt":"2026-04-28T08:35:14","guid":{"rendered":"https:\/\/matematyka.ujk.edu.pl\/?page_id=2085"},"modified":"2026-04-28T11:55:33","modified_gmt":"2026-04-28T09:55:33","slug":"skn-rozmaitosci-wydarzenia","status":"publish","type":"page","link":"https:\/\/matematyka.ujk.edu.pl\/index.php\/skn-rozmaitosci-wydarzenia\/","title":{"rendered":"SKN-Rozmaito\u015bci &#8211; Wydarzenia"},"content":{"rendered":"<p style=\"text-align: center;\"><strong>Witamy na naszej stronie !<\/strong><\/p>\n<p style=\"text-align: center;\"><strong><img loading=\"lazy\" decoding=\"async\" class=\"alignnone\" src=\"https:\/\/rozmaitosci.ujk.edu.pl\/images\/pliki\/Logo\/logo.jpg\" alt=\"logo rozmaitosci\" width=\"400\" height=\"171\" \/><br \/>\n<\/strong><strong>Oto spis wydarze\u0144 planowanych przez nasze Ko\u0142o<br \/>\nw najbli\u017cszym czasie:<\/strong><\/p>\n<ul>\n<li>\u015awi\u0119to Liczby Pi: marzec 2026<\/li>\n<li>Rajd Uniwersytecki Matematyk\u00f3w: maj 2026<\/li>\n<li>Jubileusz 20-lecia powstania Ko\u0142a: listopad 2026<\/li>\n<\/ul>\n<p>\u015aled\u017a nas na facebooku:\u00a0<a href=\"https:\/\/www.facebook.com\/share\/1BrZTywUTU\/\">https:\/\/www.facebook.com\/share\/1BrZTywUTU\/<\/a><\/p>\n<p>&#8212;&#8212;&#8212;&#8212;&#8212;&#8212;&#8212;&#8212;&#8212;&#8212;&#8212;&#8212;&#8212;&#8212;&#8212;&#8212;&#8212;&#8212;&#8212;&#8212;&#8212;&#8212;&#8212;&#8212;&#8212;&#8212;&#8212;&#8212;&#8212;&#8212;&#8212;&#8212;&#8212;&#8212;&#8212;&#8212;&#8212;&#8212;&#8212;-<\/p>\n<p style=\"text-align: center;\"><strong>Studenckie Ko\u0142o Naukowe &#8222;Rozmaito\u015bci&#8221;\u00a0<\/strong><\/p>\n<p style=\"text-align: center;\">dzia\u0142aj\u0105ce przy Katedrze Matematyki<br \/>\nUniwersytetu Jana Kochanowskiego w Kielcach<br \/>\npowsta\u0142o\u00a013 listopada 2006r. z inicjatywy student\u00f3w matematyki \u00f3wczesnego Instytutu Matematyki.<\/p>\n<p>Opiekunem Ko\u0142a jest dr Magdalena Nowak.<\/p>\n<p><a href=\"https:\/\/rozmaitosci.ujk.edu.pl\/images\/pliki\/Dokumenty\/regulamin%20sknrozmaitosci.pdf\" target=\"_blank\" rel=\"noopener\">Regulamin Ko\u0142a<\/a><\/p>\n<p><a href=\"https:\/\/rozmaitosci.ujk.edu.pl\/images\/pliki\/Dokumenty\/wniosek.pdf\" target=\"_blank\" rel=\"noopener\">Wniosek o przyst\u0105pienie do Ko\u0142a<\/a><\/p>\n<p>Ko\u0142o ma\u00a0swoj\u0105 siedzib\u0119 w Katedrze Matematyki w pokoju 556 na pi\u0105tym pi\u0119trze budynku Wydzia\u0142u Nauk \u015acis\u0142ych i Przyrodniczych UJK przy ulicy Uniwersyteckiej 7 w\u00a0\u00a0Kielcach.<\/p>\n<p><strong>Oto spis wydarze\u0144 planowanych przez nasze Ko\u0142o<\/strong><br \/>\n<strong>w najbli\u017cszym czasie:<\/strong><\/p>\n<ul>\n<li>\u015awi\u0119to Liczby Pi: marzec 2026<\/li>\n<li>Rajd Uniwersytecki Matematyk\u00f3w: maj 2026<\/li>\n<li>Jubileusz 20-lecia powstania Ko\u0142a: listopad 2026<\/li>\n<\/ul>\n<table>\n<tbody>\n<tr>\n<td>.<\/td>\n<td>.<\/td>\n<td>.<\/td>\n<\/tr>\n<tr>\n<td>.<\/td>\n<td>.<\/td>\n<td>.<\/td>\n<\/tr>\n<tr>\n<td>.<\/td>\n<td>.<\/td>\n<td>.<\/td>\n<\/tr>\n<\/tbody>\n<\/table>\n<pre class=\"hljs xml\"><\/pre>\n","protected":false},"excerpt":{"rendered":"<p>Witamy na naszej stronie ! Oto spis wydarze\u0144 planowanych przez nasze Ko\u0142o w najbli\u017cszym czasie: \u015awi\u0119to Liczby Pi: marzec 2026 Rajd Uniwersytecki Matematyk\u00f3w: maj 2026 Jubileusz 20-lecia powstania Ko\u0142a: listopad 2026 \u015aled\u017a nas na facebooku:\u00a0https:\/\/www.facebook.com\/share\/1BrZTywUTU\/ &#8212;&#8212;&#8212;&#8212;&#8212;&#8212;&#8212;&#8212;&#8212;&#8212;&#8212;&#8212;&#8212;&#8212;&#8212;&#8212;&#8212;&#8212;&#8212;&#8212;&#8212;&#8212;&#8212;&#8212;&#8212;&#8212;&#8212;&#8212;&#8212;&#8212;&#8212;&#8212;&#8212;&#8212;&#8212;&#8212;&#8212;&#8212;&#8212;- Studenckie Ko\u0142o Naukowe &#8222;Rozmaito\u015bci&#8221;\u00a0 dzia\u0142aj\u0105ce przy Katedrze Matematyki Uniwersytetu Jana Kochanowskiego w Kielcach powsta\u0142o\u00a013 listopada 2006r. z inicjatywy student\u00f3w [&hellip;]<\/p>\n","protected":false},"author":1,"featured_media":0,"parent":0,"menu_order":0,"comment_status":"closed","ping_status":"closed","template":"","meta":{"footnotes":""},"class_list":["post-2085","page","type-page","status-publish","hentry"],"_links":{"self":[{"href":"https:\/\/matematyka.ujk.edu.pl\/index.php\/wp-json\/wp\/v2\/pages\/2085","targetHints":{"allow":["GET"]}}],"collection":[{"href":"https:\/\/matematyka.ujk.edu.pl\/index.php\/wp-json\/wp\/v2\/pages"}],"about":[{"href":"https:\/\/matematyka.ujk.edu.pl\/index.php\/wp-json\/wp\/v2\/types\/page"}],"author":[{"embeddable":true,"href":"https:\/\/matematyka.ujk.edu.pl\/index.php\/wp-json\/wp\/v2\/users\/1"}],"replies":[{"embeddable":true,"href":"https:\/\/matematyka.ujk.edu.pl\/index.php\/wp-json\/wp\/v2\/comments?post=2085"}],"version-history":[{"count":14,"href":"https:\/\/matematyka.ujk.edu.pl\/index.php\/wp-json\/wp\/v2\/pages\/2085\/revisions"}],"predecessor-version":[{"id":2100,"href":"https:\/\/matematyka.ujk.edu.pl\/index.php\/wp-json\/wp\/v2\/pages\/2085\/revisions\/2100"}],"wp:attachment":[{"href":"https:\/\/matematyka.ujk.edu.pl\/index.php\/wp-json\/wp\/v2\/media?parent=2085"}],"curies":[{"name":"wp","href":"https:\/\/api.w.org\/{rel}","templated":true}]}}