{"id":213,"date":"2024-12-04T12:36:02","date_gmt":"2024-12-04T11:36:02","guid":{"rendered":"https:\/\/matematyka.ujk.edu.pl\/new\/?page_id=213"},"modified":"2026-01-15T11:20:50","modified_gmt":"2026-01-15T10:20:50","slug":"formularze","status":"publish","type":"page","link":"https:\/\/matematyka.ujk.edu.pl\/index.php\/formularze\/","title":{"rendered":"Formularze"},"content":{"rendered":"\r\n<p><br \/>Arkusz hospitacji \u2013 <a href=\"https:\/\/matematyka.ujk.edu.pl\/wp-content\/uploads\/2026\/01\/Zal.1_procedura_hospitacji_WSP_arkusz_oceny_19.12.24.pdf\" target=\"_blank\" rel=\"noopener\">pobierz<\/a><br \/><br \/>Formularz prze\u0142o\u017cenia zaj\u0119\u0107 \u2013 <a href=\"https:\/\/matematyka.ujk.edu.pl\/wp-content\/uploads\/2026\/01\/odrabianie_zajec.pdf\" target=\"_blank\" rel=\"noopener\">pobierz<\/a><\/p>\r\n\r\n\r\n\r\n\r\n","protected":false},"excerpt":{"rendered":"<p>Arkusz hospitacji \u2013 pobierz Formularz prze\u0142o\u017cenia zaj\u0119\u0107 \u2013 pobierz<\/p>\n","protected":false},"author":1,"featured_media":0,"parent":0,"menu_order":0,"comment_status":"closed","ping_status":"closed","template":"","meta":{"footnotes":""},"class_list":["post-213","page","type-page","status-publish","hentry"],"_links":{"self":[{"href":"https:\/\/matematyka.ujk.edu.pl\/index.php\/wp-json\/wp\/v2\/pages\/213","targetHints":{"allow":["GET"]}}],"collection":[{"href":"https:\/\/matematyka.ujk.edu.pl\/index.php\/wp-json\/wp\/v2\/pages"}],"about":[{"href":"https:\/\/matematyka.ujk.edu.pl\/index.php\/wp-json\/wp\/v2\/types\/page"}],"author":[{"embeddable":true,"href":"https:\/\/matematyka.ujk.edu.pl\/index.php\/wp-json\/wp\/v2\/users\/1"}],"replies":[{"embeddable":true,"href":"https:\/\/matematyka.ujk.edu.pl\/index.php\/wp-json\/wp\/v2\/comments?post=213"}],"version-history":[{"count":13,"href":"https:\/\/matematyka.ujk.edu.pl\/index.php\/wp-json\/wp\/v2\/pages\/213\/revisions"}],"predecessor-version":[{"id":1904,"href":"https:\/\/matematyka.ujk.edu.pl\/index.php\/wp-json\/wp\/v2\/pages\/213\/revisions\/1904"}],"wp:attachment":[{"href":"https:\/\/matematyka.ujk.edu.pl\/index.php\/wp-json\/wp\/v2\/media?parent=213"}],"curies":[{"name":"wp","href":"https:\/\/api.w.org\/{rel}","templated":true}]}}