{"id":218,"date":"2024-12-04T12:43:53","date_gmt":"2024-12-04T11:43:53","guid":{"rendered":"https:\/\/matematyka.ujk.edu.pl\/new\/?page_id=218"},"modified":"2025-11-28T09:28:25","modified_gmt":"2025-11-28T08:28:25","slug":"erasmus","status":"publish","type":"page","link":"https:\/\/matematyka.ujk.edu.pl\/index.php\/erasmus\/","title":{"rendered":"Erasmus+"},"content":{"rendered":"\r\n<p>STUDIA<\/p>\r\n\r\n\r\n<hr class=\"wp-block-separator has-alpha-channel-opacity\" \/>\r\n\r\n\r\n<p><a href=\"https:\/\/matematyka.ujk.edu.pl\/index.php\/2025\/11\/28\/erasmus-spotkanie-informacyjne\/\" target=\"_blank\" rel=\"noopener\">ERASMUS+ Spotkanie informacyjne<\/a><br \/><br \/><a href=\"https:\/\/matematyka.ujk.edu.pl\/index.php\/2025\/11\/07\/start-rekrutacja-ka171-oraz-dodatkowy-nabor-dla-studentow\/\" target=\"_blank\" rel=\"noopener\">START Rekrutacja KA171 oraz Dodatkowy nab\u00f3r dla student\u00f3w<\/a><\/p>\r\n<pre>ZOSTA\u0143 STUDY BUDDY! \ud83d\udc4a\ud83d\udc47<br \/>\ud83d\udd39Nawi\u0105\u017c nowe kontakty, \u0107wicz j\u0119zyk, dzia\u0142aj w mi\u0119dzynarodowym \u015brodowisku!<br \/>\ud83d\udd39Zdob\u0105d\u017a dodatkowe punkty w rekrutacji na wymian\u0119 zagraniczn\u0105!<br \/>\ud83d\udd39Bierz bezp\u0142atny udzia\u0142 w wydarzeniach dla student\u00f3w zagranicznych!<br \/>Do\u0142\u0105cz do swoich kole\u017canek i koleg\u00f3w z UJK \ud83d\udcaa\u2013 wype\u0142nij formularz online \ud83d\udcddi gotowe!<\/pre>\r\n<pre>\ud835\ude89\ud835\ude8a\ud835\ude99\ud835\ude9b\ud835\ude8a\ud835\ude9c\ud835\udea3\ud835\ude8a\ud835\ude96\ud835\udea2! <br \/>\ud835\ude73\ud835\udea3\ud835\ude92\ud835\ude8a\u0142 \ud835\ude86\ud835\udea2\ud835\ude96\ud835\ude92\ud835\ude8a\ud835\ude97\ud835\udea2 \ud835\ude92 \ud835\ude86\ud835\ude9c\ud835\ude99\u00f3\u0142\ud835\ude99\ud835\ude9b\ud835\ude8a\ud835\ude8c\ud835\udea2 \ud835\ude7c\ud835\ude92\u0119\ud835\ude8d\ud835\udea3\ud835\udea2\ud835\ude97\ud835\ude8a\ud835\ude9b\ud835\ude98\ud835\ude8d\ud835\ude98\ud835\udea0\ud835\ude8e\ud835\ude93 \ud835\ude84\ud835\ude79\ud835\ude7a<br \/>Wi\u0119cej informacji: <a href=\"https:\/\/erasmus.ujk.edu.pl\/erasmus-dla-studentow\/study-buddy\/\" target=\"_blank\" rel=\"noopener\">https:\/\/erasmus.ujk.edu.pl\/erasmus-dla-studentow\/study-buddy\/<\/a><\/pre>\r\n<p>Program Erasmus+ oferuje\u00a0dofinansowanie\u00a0wyjazdu na studia do uczelni zagranicznej.<\/p>\r\n\r\n\r\n\r\n<ol class=\"wp-block-list\">\r\n<li><strong>Znajd\u017a uczelni\u0119<\/strong>, na kt\u00f3rej chcesz studiowa\u0107 (nie d\u0142u\u017cej ni\u017c 12 miesi\u0119cy). Je\u015bli nie ma jej na li\u015bcie\u00a0<a href=\"http:\/\/www.erasmus.ujk.edu.pl\/umowy-bilateralne\/\" target=\"_blank\" rel=\"noopener\">http:\/\/www.erasmus.ujk.edu.pl\/umowy-bilateralne\/<\/a>\u00a0w\u015br\u00f3d uczelni, z kt\u00f3rymi UJK podpisa\u0142 umow\u0119 bilateraln\u0105 dla kierunku matematyka, zg\u0142o\u015b si\u0119 do Koordynatora programu Erasmus+, aby nawi\u0105za\u0107 wsp\u00f3\u0142prac\u0119 z wybranym o\u015brodkiem naukowym.<\/li>\r\n\r\n\r\n\r\n<li><strong>Przygotuj si\u0119 do rekrutacji<\/strong>\u00a0(sk\u0142adanie wniosku; egzamin z j\u0119zyka obcego), do wyjazdu i pobytu na uczelni partnerskiej. Wszystkie potrzebne informacje znajdziesz na stronie\u00a0<a href=\"http:\/\/www.erasmus.ujk.edu.pl\/erasmus-dla-studentow\/studia\/\" target=\"_blank\" rel=\"noopener\">http:\/\/www.erasmus.ujk.edu.pl\/erasmus-dla-studentow\/studia\/.<\/a><\/li>\r\n<\/ol>\r\n\r\n\r\n<div class=\"wp-block-image\">\r\n<figure class=\"aligncenter\"><a href=\"https:\/\/matematyka.ujk.edu.pl\/wp-content\/uploads\/2024\/11\/mapka2024.png\"><img loading=\"lazy\" decoding=\"async\" class=\"aligncenter wp-image-2482\" src=\"https:\/\/matematyka.ujk.edu.pl\/wp-content\/uploads\/2024\/11\/mapka2024.png\" alt=\"Mapa eresmus+\" width=\"527\" height=\"505\" \/><\/a><\/figure>\r\n<\/div>\r\n\r\n\r\n<p>PRAKTYKI<\/p>\r\n\r\n\r\n<hr class=\"wp-block-separator has-alpha-channel-opacity\" \/>\r\n\r\n\r\n<ol class=\"wp-block-list\">\r\n<li><strong>Znajd\u017a instytucj\u0119<\/strong>\u00a0zagraniczn\u0105, w kt\u00f3rej chcesz odby\u0107 praktyki. Nie musi by\u0107 ona zwi\u0105zana z twoim kierunkiem studi\u00f3w.\u00a0<\/li>\r\n\r\n\r\n\r\n<li><strong>Przygotuj si\u0119 do rekrutacji<\/strong>\u00a0(sk\u0142adanie wniosku; egzamin z j\u0119zyka obcego), do wyjazdu i pobytu na praktykach. Potrzebne informacje znajdziesz \u00a0na stronie\u00a0<a href=\"http:\/\/www.erasmus.ujk.edu.pl\/erasmus-dla-studentow\/praktyki\/\" target=\"_blank\" rel=\"noopener\">http:\/\/www.erasmus.ujk.edu.pl\/erasmus-dla-studentow\/praktyki\/<\/a>.<\/li>\r\n<\/ol>\r\n\r\n\r\n\r\n<p>&nbsp;<\/p>\r\n\r\n\r\n\r\n<figure class=\"wp-block-table is-style-stripes\">\r\n<table class=\"has-fixed-layout\">\r\n<tbody>\r\n<tr>\r\n<td><strong>Koordynator Katedry Matematyki<\/strong><br \/>dr Joanna Garbuli\u0144ska-W\u0119grzyn<br \/><a href=\"mailto:joanna.garbulinska-wegrzyn@ujk.edu.pl\">joanna.garbulinska-wegrzyn@ujk.edu.pl<\/a><br \/>ul. Uniwersytecka 7 pok. 560<\/td>\r\n<td><strong>Koordynator Wydzia\u0142owy<\/strong><br \/>dr hab. Sabina Do\u0142\u0119gowska, prof. UJK<br \/><a href=\"mailto:sabina.dolegowska@ujk.edu.pl\">sabina.dolegowska@ujk.edu.pl<\/a><br \/>ul. Uniwersytecka 7<\/td>\r\n<td><strong>Dzia\u0142 Wymiany i\u00a0Wsp\u00f3\u0142pracy Mi\u0119dzynarodowej<\/strong><br \/>Justyna Palacz<br \/><a href=\"mailto:justyna.palacz@ujk.edu.pl\">justyna.palacz@ujk.edu.pl<\/a><br \/>ul. \u017beromskiego 5 pok. 309<\/td>\r\n<\/tr>\r\n<\/tbody>\r\n<\/table>\r\n<\/figure>\r\n\r\n\r\n<hr class=\"wp-block-separator has-alpha-channel-opacity\" \/>\r\n\r\n\r\n<p><a href=\"http:\/\/www.erasmus.ujk.edu.pl\/info-for-incoming-students\/academic-calendar\" target=\"_blank\" rel=\"noopener\">Academic Calendar<\/a>; <a href=\"http:\/\/www.erasmus.ujk.edu.pl\/info-for-incoming-students\/application-form\/\" target=\"_blank\" rel=\"noopener\">Documents<\/a>; <a href=\"http:\/\/www.erasmus.ujk.edu.pl\/info-for-incoming-students\/about-university\/\" target=\"_blank\" rel=\"noopener\">About University<\/a>; <a href=\"http:\/\/www.erasmus.ujk.edu.pl\/info-for-incoming-students\/accommodation\/\" target=\"_blank\" rel=\"noopener\">Accommodation<\/a>; <a href=\"http:\/\/www.erasmus.ujk.edu.pl\/info-for-incoming-students\/how-to-get-to-poland-kielce\/\" target=\"_blank\" rel=\"noopener\">How to get to Poland, Kielce<\/a>; <a href=\"http:\/\/www.erasmus.ujk.edu.pl\/info-for-incoming-students\/the-city-of-kielce\/\" target=\"_blank\" rel=\"noopener\">The city of Kielce<\/a>; <a href=\"http:\/\/www.erasmus.ujk.edu.pl\/info-for-incoming-students\/faculty-and-instutitute-coordinators-of-erasmus-programme-and-ects\/\" target=\"_blank\" rel=\"noopener\">Coordinators of Erasmus+<\/a><\/p>\r\n","protected":false},"excerpt":{"rendered":"<p>STUDIA ERASMUS+ Spotkanie informacyjne START Rekrutacja KA171 oraz Dodatkowy nab\u00f3r dla student\u00f3w ZOSTA\u0143 STUDY BUDDY! \ud83d\udc4a\ud83d\udc47\ud83d\udd39Nawi\u0105\u017c nowe kontakty, \u0107wicz j\u0119zyk, dzia\u0142aj w mi\u0119dzynarodowym \u015brodowisku!\ud83d\udd39Zdob\u0105d\u017a dodatkowe punkty w rekrutacji na wymian\u0119 zagraniczn\u0105!\ud83d\udd39Bierz bezp\u0142atny udzia\u0142 w wydarzeniach dla student\u00f3w zagranicznych!Do\u0142\u0105cz do swoich kole\u017canek i koleg\u00f3w z UJK \ud83d\udcaa\u2013 wype\u0142nij formularz online \ud83d\udcddi gotowe! \ud835\ude89\ud835\ude8a\ud835\ude99\ud835\ude9b\ud835\ude8a\ud835\ude9c\ud835\udea3\ud835\ude8a\ud835\ude96\ud835\udea2! \ud835\ude73\ud835\udea3\ud835\ude92\ud835\ude8a\u0142 \ud835\ude86\ud835\udea2\ud835\ude96\ud835\ude92\ud835\ude8a\ud835\ude97\ud835\udea2 \ud835\ude92 [&hellip;]<\/p>\n","protected":false},"author":1,"featured_media":0,"parent":0,"menu_order":0,"comment_status":"closed","ping_status":"closed","template":"","meta":{"footnotes":""},"class_list":["post-218","page","type-page","status-publish","hentry"],"_links":{"self":[{"href":"https:\/\/matematyka.ujk.edu.pl\/index.php\/wp-json\/wp\/v2\/pages\/218","targetHints":{"allow":["GET"]}}],"collection":[{"href":"https:\/\/matematyka.ujk.edu.pl\/index.php\/wp-json\/wp\/v2\/pages"}],"about":[{"href":"https:\/\/matematyka.ujk.edu.pl\/index.php\/wp-json\/wp\/v2\/types\/page"}],"author":[{"embeddable":true,"href":"https:\/\/matematyka.ujk.edu.pl\/index.php\/wp-json\/wp\/v2\/users\/1"}],"replies":[{"embeddable":true,"href":"https:\/\/matematyka.ujk.edu.pl\/index.php\/wp-json\/wp\/v2\/comments?post=218"}],"version-history":[{"count":21,"href":"https:\/\/matematyka.ujk.edu.pl\/index.php\/wp-json\/wp\/v2\/pages\/218\/revisions"}],"predecessor-version":[{"id":1858,"href":"https:\/\/matematyka.ujk.edu.pl\/index.php\/wp-json\/wp\/v2\/pages\/218\/revisions\/1858"}],"wp:attachment":[{"href":"https:\/\/matematyka.ujk.edu.pl\/index.php\/wp-json\/wp\/v2\/media?parent=218"}],"curies":[{"name":"wp","href":"https:\/\/api.w.org\/{rel}","templated":true}]}}