{"id":281,"date":"2024-12-05T09:37:07","date_gmt":"2024-12-05T08:37:07","guid":{"rendered":"https:\/\/matematyka.ujk.edu.pl\/new\/?page_id=281"},"modified":"2024-12-05T09:38:47","modified_gmt":"2024-12-05T08:38:47","slug":"mistrzowie-matematyki","status":"publish","type":"page","link":"https:\/\/matematyka.ujk.edu.pl\/index.php\/mistrzowie-matematyki\/","title":{"rendered":"Mistrzowie Matematyki"},"content":{"rendered":"\n<p>Program&nbsp;<strong>Mistrzowie Matematyki<\/strong>&nbsp;w roku szkolnym 2017\/18 realizowany jest w wojew\u00f3dztwie \u015awi\u0119tokrzyskim po raz trzeci.<\/p>\n\n\n\n<p>Pomys\u0142odawc\u0105 jest&nbsp;<strong>Fundacja VIVE Serce Dzieciom<\/strong>, kt\u00f3rej g\u0142\u00f3wnym partnerem finansowym jest&nbsp;<strong>Fundacja mBanku<\/strong>, a partnerem merytorycznym jest&nbsp;<strong>Uniwersytet Jana Kochanowskiego w Kielcach \u2013 Instytut Matematyki<\/strong>. Patronat obj\u0119\u0142o: Kuratorium O\u015bwiaty w Kielcach.<\/p>\n\n\n\n<p>W ka\u017cdym roku o stypendia stara si\u0119 oko\u0142o 200 uczni\u00f3w. Kapitu\u0142a Programu, po dok\u0142adnym przeanalizowaniu wniosk\u00f3w nades\u0142anych przez m\u0142odzie\u017c, wybiera, w ka\u017cdym roku, 20 najlepszych. Uczniowie otrzymuj\u0105 stypendia w wysoko\u015bci 2000 z\u0142. i zobowi\u0105zuj\u0105 si\u0119 do wsp\u00f3\u0142pracy z Fundacj\u0105 i Instytutem Matematyki UJK zgodnie z Regulaminem Programu. Stypendystom wskazani zostaj\u0105 opiekunowie w osobach student\u00f3w z Wydzia\u0142u Matematyki Uniwersytetu Jana Kochanowskiego w Kielcach. Stypendy\u015bci uruchomiaj\u0105 w\u0142asn\u0105 grup\u0119 Facebook-ow\u0105, gdzie maj\u0105 mo\u017cliwo\u015b\u0107:<\/p>\n\n\n\n<ol class=\"wp-block-list\">\n<li>prezentacji wymy\u015blonych przez siebie zada\u0144 matematycznych, quiz\u00f3w, \u0142amig\u0142\u00f3wek z pogranicza matematyki, \u017cartu, wymagaj\u0105ce czasami nieszablonowego my\u015blenia<\/li>\n\n\n\n<li>rozwi\u0105zywania problem\u00f3w matematycznych<\/li>\n\n\n\n<li>prezentowania w\u0142asnych osi\u0105gni\u0119\u0107 w dziedzinie matematyki w roku szkolnym<\/li>\n<\/ol>\n\n\n\n<p>Stypendy\u015bci maj\u0105 r\u00f3wnie\u017c mo\u017cliwo\u015b\u0107 uczestniczy\u0107 w warsztatach \u201eMatematyka i logiczne my\u015blenie\u201d przygotowanych przez nauczycieli akademickich Uniwersytetu Jana Kochanowskiego w Kielcach.<\/p>\n\n\n\n<hr class=\"wp-block-separator has-alpha-channel-opacity\"\/>\n\n\n\n<p>Regulamin programu Misrzowie Matematyki na rok szkolny 2017\/2018 \u2013\u00a0<a href=\"https:\/\/matematyka.ujk.edu.pl\/\/wp-content\/uploads\/2024\/12\/regulamin.pdf\" target=\"_blank\" rel=\"noreferrer noopener\">pobierz tutaj<\/a><\/p>\n","protected":false},"excerpt":{"rendered":"<p>Program&nbsp;Mistrzowie Matematyki&nbsp;w roku szkolnym 2017\/18 realizowany jest w wojew\u00f3dztwie \u015awi\u0119tokrzyskim po raz trzeci. Pomys\u0142odawc\u0105 jest&nbsp;Fundacja VIVE Serce Dzieciom, kt\u00f3rej g\u0142\u00f3wnym partnerem finansowym jest&nbsp;Fundacja mBanku, a partnerem merytorycznym jest&nbsp;Uniwersytet Jana Kochanowskiego w Kielcach \u2013 Instytut Matematyki. Patronat obj\u0119\u0142o: Kuratorium O\u015bwiaty w Kielcach. W ka\u017cdym roku o stypendia stara si\u0119 oko\u0142o 200 uczni\u00f3w. Kapitu\u0142a Programu, po dok\u0142adnym [&hellip;]<\/p>\n","protected":false},"author":1,"featured_media":0,"parent":0,"menu_order":0,"comment_status":"closed","ping_status":"closed","template":"","meta":{"footnotes":""},"class_list":["post-281","page","type-page","status-publish","hentry"],"_links":{"self":[{"href":"https:\/\/matematyka.ujk.edu.pl\/index.php\/wp-json\/wp\/v2\/pages\/281","targetHints":{"allow":["GET"]}}],"collection":[{"href":"https:\/\/matematyka.ujk.edu.pl\/index.php\/wp-json\/wp\/v2\/pages"}],"about":[{"href":"https:\/\/matematyka.ujk.edu.pl\/index.php\/wp-json\/wp\/v2\/types\/page"}],"author":[{"embeddable":true,"href":"https:\/\/matematyka.ujk.edu.pl\/index.php\/wp-json\/wp\/v2\/users\/1"}],"replies":[{"embeddable":true,"href":"https:\/\/matematyka.ujk.edu.pl\/index.php\/wp-json\/wp\/v2\/comments?post=281"}],"version-history":[{"count":2,"href":"https:\/\/matematyka.ujk.edu.pl\/index.php\/wp-json\/wp\/v2\/pages\/281\/revisions"}],"predecessor-version":[{"id":284,"href":"https:\/\/matematyka.ujk.edu.pl\/index.php\/wp-json\/wp\/v2\/pages\/281\/revisions\/284"}],"wp:attachment":[{"href":"https:\/\/matematyka.ujk.edu.pl\/index.php\/wp-json\/wp\/v2\/media?parent=281"}],"curies":[{"name":"wp","href":"https:\/\/api.w.org\/{rel}","templated":true}]}}