{"id":285,"date":"2024-12-05T09:40:30","date_gmt":"2024-12-05T08:40:30","guid":{"rendered":"https:\/\/matematyka.ujk.edu.pl\/new\/?page_id=285"},"modified":"2026-03-24T12:39:31","modified_gmt":"2026-03-24T11:39:31","slug":"wojewodzki-konkurs-matematyczny","status":"publish","type":"page","link":"https:\/\/matematyka.ujk.edu.pl\/index.php\/wojewodzki-konkurs-matematyczny\/","title":{"rendered":"Wojew\u00f3dzki Konkurs Matematyczny"},"content":{"rendered":"\r\n<p>Celem\u00a0<strong>Wojew\u00f3dzkiego Konkursu Matematycznego dla uczni\u00f3w klas I i II szk\u00f3\u0142 \u015brednich wojew\u00f3dztwa \u015bwi\u0119tokrzyskiego<\/strong>\u00a0jest rozbudzanie zami\u0142owania do matematyki w\u015br\u00f3d uczni\u00f3w klas m\u0142odszych szk\u00f3\u0142 ponadpodstawowych, wspieranie uczni\u00f3w zainteresowanych matematyk\u0105, kszta\u0142towanie umiej\u0119tno\u015bci samodzielnego zdobywania wiedzy oraz stymulowanie aktywno\u015bci poznawczej m\u0142odzie\u017cy uzdolnionej.<br \/>Zawody odbywaj\u0105 si\u0119 w trakcie roku szkolnego i s\u0105 dwustopniowe. Polegaj\u0105 na pisemnym, samodzielnym rozwi\u0105zywaniu zada\u0144 konkursowych z matematyki. Zawody pierwszego stopnia maj\u0105 zasi\u0119g szkolny, zawody drugiego stopnia \u2013 fina\u0142owe \u2013 maj\u0105 zasi\u0119g wojew\u00f3dzki.<\/p>\r\n\r\n\r\n\r\n<div><b>Zawody fina\u0142owe V edycji konkursu odb\u0119d\u0105 si\u0119 w czwartek, 21.05.2026 r. w godzinach 11:00 \u2013 14:00 w auli B1 (budynek G) Wydzia\u0142 Nauk \u015acis\u0142ych i Przyrodniczych Uniwersytet Jana Kochanowskiego w Kielcach.<br \/><br \/><\/b><\/div>\r\n\r\n\r\n\r\n<p>Zadania archiwalne i regulamin konkursu:\u00a0\u00a0<\/p>\r\n\r\n\r\n\r\n<p><a href=\"https:\/\/matematyka.ujk.edu.pl\/wp-content\/uploads\/2024\/12\/Regulamin_Konkursu_Matematycznego_dla_uczniow_klas_I_i_II_szkol_srednich_wojewodztwa_swietokrzyskiego.pdf\" target=\"_blank\" rel=\"noreferrer noopener\">Regulamin Wojew\u00f3dzkiego Konkursu Matematycznego dla uczni\u00f3w klas I i II szk\u00f3\u0142 \u015brednich wojew\u00f3dztwa \u015bwi\u0119tokrzyskiego.pdf<\/a><\/p>\r\n\r\n\r\n\r\n<p><a href=\"https:\/\/matematyka.ujk.edu.pl\/wp-content\/uploads\/2024\/12\/I_etap-I_K.M.dla_uczniow_klas_1_i_2.pdf\" target=\"_blank\" rel=\"noreferrer noopener\">I etap \u2013 I Konkursu Matematycznego dla uczni\u00f3w klas 1 i 2.pdf<\/a><\/p>\r\n\r\n\r\n\r\n<p><a href=\"https:\/\/matematyka.ujk.edu.pl\/wp-content\/uploads\/2024\/12\/final-I_K.M.dla_uczniow_klas_1_i_2.pdf\" target=\"_blank\" rel=\"noreferrer noopener\">Fina\u0142 \u2013 I Konkursu Matematycznego dla uczni\u00f3w klas 1 i 2.pdf<\/a><\/p>\r\n\r\n\r\n\r\n<p><a href=\"https:\/\/matematyka.ujk.edu.pl\/wp-content\/uploads\/2024\/12\/I_etap-II_K.M._dla_klas_1_i_2.pdf\" target=\"_blank\" rel=\"noreferrer noopener\">I etap \u2013 II Konkursu Matematycznego dla uczni\u00f3w klas 1 i 2.pdf<\/a><\/p>\r\n\r\n\r\n\r\n<p><a href=\"https:\/\/matematyka.ujk.edu.pl\/wp-content\/uploads\/2024\/12\/final-II_K.M.dla_uczniow_klas_1_i_2.pdf\" target=\"_blank\" rel=\"noreferrer noopener\">Fina\u0142 \u2013 II Konkursu Matematycznego dla uczni\u00f3w klas 1 i 2.pdf<\/a><\/p>\r\n\r\n\r\n\r\n<p><a href=\"https:\/\/matematyka.ujk.edu.pl\/wp-content\/uploads\/2024\/12\/I_etap_2022-2023-III_K.M._dla_klas_1_i_2.pdf\" target=\"_blank\" rel=\"noreferrer noopener\">I etap \u2013 III Konkursu Matematycznego dla uczni\u00f3w klas 1 i 2.pdf<\/a><\/p>\r\n\r\n\r\n\r\n<p><a href=\"https:\/\/matematyka.ujk.edu.pl\/wp-content\/uploads\/2025\/04\/I_etap_2024-2025-IV-K.M._dla_klas_1_i_2.pdf\" target=\"_blank\" rel=\"noopener\">I etap \u2013 IV Konkursu Matematycznego dla uczni\u00f3w klas 1 i 2.pdf<\/a><\/p>\r\n<p><a href=\"https:\/\/matematyka.ujk.edu.pl\/wp-content\/uploads\/2025\/04\/Ostateczna-lista-zakwalifikowanych-do-zawodow-finalowych_IV-Konkursu-Matematycznego.pdf\" target=\"_blank\" rel=\"noopener\">Lista finalist\u00f3w IV Konkursu Matematycznego dla uczni\u00f3w klas 1 i 2.pdf<\/a><\/p>\r\n\r\n\r\n\r\n<p><a href=\"https:\/\/matematyka.ujk.edu.pl\/wp-content\/uploads\/2025\/06\/Wyniki_fnalu-lista_laureatow_IV_Konkursu-1.pdf\" target=\"_blank\" rel=\"noopener\">Wyniki fina\u0142u IV Konkursu Matematycznego dla uczni\u00f3w klas 1 i 2.pdf<\/a><\/p>\r\n<p><a href=\"https:\/\/matematyka.ujk.edu.pl\/wp-content\/uploads\/2026\/03\/final-IV-K.M.-dla-uczniow-klas-1-i-2.pdf\">fina\u0142 &#8211; IV K.M. dla uczni\u00f3w klas 1 i 2<\/a><\/p>\r\n<p><a href=\"https:\/\/matematyka.ujk.edu.pl\/wp-content\/uploads\/2026\/03\/final-III-K.M.-dla-uczniow-klas-1-i-2.pdf\">fina\u0142 &#8211; III K.M. dla uczni\u00f3w klas 1 i 2<\/a><\/p>\r\n<p><a href=\"https:\/\/matematyka.ujk.edu.pl\/wp-content\/uploads\/2026\/03\/I-etap_2025-2026-V-K.M.-dla-klas-1-i-2.pdf\">I etap_2025-2026 &#8211; V K.M. dla klas 1 i 2<\/a><\/p>\r\n","protected":false},"excerpt":{"rendered":"<p>Celem\u00a0Wojew\u00f3dzkiego Konkursu Matematycznego dla uczni\u00f3w klas I i II szk\u00f3\u0142 \u015brednich wojew\u00f3dztwa \u015bwi\u0119tokrzyskiego\u00a0jest rozbudzanie zami\u0142owania do matematyki w\u015br\u00f3d uczni\u00f3w klas m\u0142odszych szk\u00f3\u0142 ponadpodstawowych, wspieranie uczni\u00f3w zainteresowanych matematyk\u0105, kszta\u0142towanie umiej\u0119tno\u015bci samodzielnego zdobywania wiedzy oraz stymulowanie aktywno\u015bci poznawczej m\u0142odzie\u017cy uzdolnionej.Zawody odbywaj\u0105 si\u0119 w trakcie roku szkolnego i s\u0105 dwustopniowe. Polegaj\u0105 na pisemnym, samodzielnym rozwi\u0105zywaniu zada\u0144 konkursowych z [&hellip;]<\/p>\n","protected":false},"author":1,"featured_media":0,"parent":0,"menu_order":0,"comment_status":"closed","ping_status":"closed","template":"","meta":{"footnotes":""},"class_list":["post-285","page","type-page","status-publish","hentry"],"_links":{"self":[{"href":"https:\/\/matematyka.ujk.edu.pl\/index.php\/wp-json\/wp\/v2\/pages\/285","targetHints":{"allow":["GET"]}}],"collection":[{"href":"https:\/\/matematyka.ujk.edu.pl\/index.php\/wp-json\/wp\/v2\/pages"}],"about":[{"href":"https:\/\/matematyka.ujk.edu.pl\/index.php\/wp-json\/wp\/v2\/types\/page"}],"author":[{"embeddable":true,"href":"https:\/\/matematyka.ujk.edu.pl\/index.php\/wp-json\/wp\/v2\/users\/1"}],"replies":[{"embeddable":true,"href":"https:\/\/matematyka.ujk.edu.pl\/index.php\/wp-json\/wp\/v2\/comments?post=285"}],"version-history":[{"count":21,"href":"https:\/\/matematyka.ujk.edu.pl\/index.php\/wp-json\/wp\/v2\/pages\/285\/revisions"}],"predecessor-version":[{"id":2083,"href":"https:\/\/matematyka.ujk.edu.pl\/index.php\/wp-json\/wp\/v2\/pages\/285\/revisions\/2083"}],"wp:attachment":[{"href":"https:\/\/matematyka.ujk.edu.pl\/index.php\/wp-json\/wp\/v2\/media?parent=285"}],"curies":[{"name":"wp","href":"https:\/\/api.w.org\/{rel}","templated":true}]}}