{"id":306,"date":"2024-12-05T10:40:37","date_gmt":"2024-12-05T09:40:37","guid":{"rendered":"https:\/\/matematyka.ujk.edu.pl\/new\/?page_id=306"},"modified":"2025-10-22T11:14:02","modified_gmt":"2025-10-22T09:14:02","slug":"pracownicy","status":"publish","type":"page","link":"https:\/\/matematyka.ujk.edu.pl\/index.php\/pracownicy\/","title":{"rendered":"Pracownicy"},"content":{"rendered":"<p>&nbsp;<\/p>\n<table border=\"0\" width=\"100%\">\n<tbody>\n<tr align=\"center\">\n<td colspan=\"3\"><b>Profesorowie<\/b><\/td>\n<\/tr>\n<tr>\n<td>prof. dr hab. Taras Banakh<\/td>\n<td><\/td>\n<td><a href=\"mailto:taras.banakh@ujk.edu.pl\">taras.banakh@ujk.edu.pl<\/a><\/td>\n<\/tr>\n<tr>\n<td><\/td>\n<td><\/td>\n<td><\/td>\n<\/tr>\n<tr align=\"center\">\n<td colspan=\"3\"><b>Profesorowie UJK<\/b><\/td>\n<\/tr>\n<tr>\n<td>dr hab. Wojciech Jab\u0142o\u0144ski<\/td>\n<td><\/td>\n<td><a href=\"mailto:wojciech.jablonski@ujk.edu.pl\">wojciech.jablonski@ujk.edu.pl<\/a><\/td>\n<\/tr>\n<tr>\n<td>dr hab. Olena Karlova<\/td>\n<td><\/td>\n<td><a href=\"mailto:olena.karlova@ujk.edu.pl\">olena.karlova@ujk.edu.pl<\/a><\/td>\n<\/tr>\n<tr>\n<td>dr hab. Grzegorz \u0141ysik<\/td>\n<td><\/td>\n<td><a href=\"mailto:grzegorz.lysik@ujk.edu.pl\">grzegorz.lysik@ujk.edu.pl<\/a><\/td>\n<\/tr>\n<tr>\n<td>dr hab. Volodymyr Mykhailiuk<\/td>\n<td><\/td>\n<td><a href=\"mailto:volodymyr.mykhailiuk@ujk.edu.pl\">volodymyr.mykhailiuk@ujk.edu.pl<\/a><\/td>\n<\/tr>\n<tr>\n<td>dr hab. Micha\u0142 Wojciechowski<\/td>\n<td><\/td>\n<td><a href=\"mailto:michal.wojciechowski@ujk.edu.pl\">michal.wojciechowski@ujk.edu.pl<\/a><\/td>\n<\/tr>\n<tr>\n<td><\/td>\n<td><\/td>\n<td><\/td>\n<\/tr>\n<tr align=\"center\">\n<td colspan=\"3\"><b>Adiunkci<\/b><\/td>\n<\/tr>\n<tr>\n<td>dr Judyta B\u0105k<\/td>\n<td><\/td>\n<td><a href=\"mailto:bak@ujk.edu.pl\">judyta.bak@ujk.edu.pl<\/a><\/td>\n<\/tr>\n<tr>\n<td>dr Magdalena Chrapek<\/td>\n<td><\/td>\n<td><a href=\"mailto:magdalena.chrapek@ujk.edu.pl\">magdalena.chrapek@ujk.edu.pl<\/a><\/td>\n<\/tr>\n<tr>\n<td>dr Monika Czajkowska<\/td>\n<td><\/td>\n<td><a href=\"mailto:monika.czajkowska@ujk.edu.pl\">monika.czajkowska@ujk.edu.pl<\/a><\/td>\n<\/tr>\n<tr>\n<td>dr Joanna Garbuli\u0144ska-W\u0119grzyn<\/td>\n<td><\/td>\n<td><a href=\"mailto:joanna.garbulinska@ujk.edu.pl\">joanna.garbulinska@ujk.edu.pl<\/a><\/td>\n<\/tr>\n<tr>\n<td>dr Mateusz Masternak<\/td>\n<td><\/td>\n<td><a href=\"mailto:mateusz.masternak@ujk.edu.pl\">mateusz.masternak@ujk.edu.pl<\/a><\/td>\n<\/tr>\n<tr>\n<td>dr Anatolij Nikitin<\/td>\n<td><\/td>\n<td><a href=\"mailto:anatolii.nikitin@ujk.edu.pl\">anatolii.nikitin@ujk.edu.pl<\/a><\/td>\n<\/tr>\n<tr>\n<td>dr Magdalena Nowak<\/td>\n<td><\/td>\n<td><a href=\"mailto:mnowak@ujk.edu.pl\">mnowak@ujk.edu.pl<\/a><\/td>\n<\/tr>\n<tr>\n<td>dr Hubert Przybycie\u0144<\/td>\n<td><\/td>\n<td><a href=\"mailto:hubert.przybycien@ujk.edu.pl\">hubert.przybycien@ujk.edu.pl<\/a><\/td>\n<\/tr>\n<tr>\n<td>dr El\u017cbieta Zaj\u0105c<\/td>\n<td><\/td>\n<td><a href=\"mailto:ezajac@ujk.edu.pl\">ezajac@ujk.edu.pl<\/a><\/td>\n<\/tr>\n<tr>\n<td>dr Micha\u0142 Zakrzewski<\/td>\n<td><\/td>\n<td><a href=\"mailto:michal.zakrzewski@ujk.edu.pl\">michal.zakrzewski@ujk.edu.pl<\/a><\/td>\n<\/tr>\n<tr>\n<td><\/td>\n<td><\/td>\n<td><\/td>\n<\/tr>\n<tr>\n<td><\/td>\n<td><\/td>\n<td><\/td>\n<\/tr>\n<tr>\n<td style=\"text-align: center;\" colspan=\"3\"><strong>Asystenci<\/strong><\/td>\n<\/tr>\n<tr>\n<td>mgr Zuzanna \u017burek<\/td>\n<td><\/td>\n<td><a href=\"mailto:zuzanna.zurek@ujk.edu.pl\">zuzanna.zurek@ujk.edu.pl<\/a><\/td>\n<\/tr>\n<tr>\n<td>dr Oskar Szyma\u0144ski<\/td>\n<td><\/td>\n<td><a href=\"mailto:oskar.szymanski@ujk.edu.pl\">oskar.szymanski@ujk.edu.pl<\/a><\/td>\n<\/tr>\n<tr>\n<td><\/td>\n<td><\/td>\n<td><\/td>\n<\/tr>\n<tr align=\"center\">\n<td colspan=\"3\"><b>Wyk\u0142adowcy<br \/>\n<\/b><\/td>\n<\/tr>\n<tr>\n<td>mgr Pawe\u0142 Dziuba<\/td>\n<td><\/td>\n<td><a href=\"mailto:pawel.dziuba@ujk.edu.pl\">pawel.dziuba@ujk.edu.pl<\/a><\/td>\n<\/tr>\n<tr>\n<td><\/td>\n<td><\/td>\n<td><\/td>\n<\/tr>\n<tr align=\"center\">\n<td colspan=\"3\"><b>Administracja i pracownicy techniczni<br \/>\n<\/b><\/td>\n<\/tr>\n<tr>\n<td><\/td>\n<td><\/td>\n<td><\/td>\n<\/tr>\n<tr>\n<td>in\u017c. Andrzej Pawlak<\/td>\n<td>starszy specjalista in\u017cynieryjno-techniczny<\/td>\n<td><a href=\"mailto:andrzej.pawlak@ujk.edu.pl\" target=\"_self\" rel=\"noopener noreferrer\">andrzej.pawlak@ujk.edu.pl<\/a><\/td>\n<\/tr>\n<tr>\n<td>mgr Monika Paw\u0142owska<\/td>\n<td>specjalista<\/td>\n<td><a href=\"mailto:monika.pawlowska@ujk.edu.pl\" target=\"_self\" rel=\"noopener noreferrer\">monika.pawlowska@ujk.edu.pl<\/a><\/td>\n<\/tr>\n<tr>\n<td>mgr in\u017c. Mariusz W\u0119grzyn<\/td>\n<td>specjalista ds. informatyki<\/td>\n<td><a href=\"mailto:slawomir.wilczynski@ujk.edu.pl\" rel=\"noopener noreferrer\">mariusz.wegrzyn@ujk.edu.pl<\/a><\/td>\n<\/tr>\n<\/tbody>\n<\/table>\n","protected":false},"excerpt":{"rendered":"<p>&nbsp; Profesorowie prof. dr hab. Taras Banakh taras.banakh@ujk.edu.pl Profesorowie UJK dr hab. Wojciech Jab\u0142o\u0144ski wojciech.jablonski@ujk.edu.pl dr hab. Olena Karlova olena.karlova@ujk.edu.pl dr hab. Grzegorz \u0141ysik grzegorz.lysik@ujk.edu.pl dr hab. Volodymyr Mykhailiuk volodymyr.mykhailiuk@ujk.edu.pl dr hab. Micha\u0142 Wojciechowski michal.wojciechowski@ujk.edu.pl Adiunkci dr Judyta B\u0105k judyta.bak@ujk.edu.pl dr Magdalena Chrapek magdalena.chrapek@ujk.edu.pl dr Monika Czajkowska monika.czajkowska@ujk.edu.pl dr Joanna Garbuli\u0144ska-W\u0119grzyn joanna.garbulinska@ujk.edu.pl dr Mateusz Masternak [&hellip;]<\/p>\n","protected":false},"author":1,"featured_media":0,"parent":0,"menu_order":0,"comment_status":"closed","ping_status":"closed","template":"","meta":{"footnotes":""},"class_list":["post-306","page","type-page","status-publish","hentry"],"_links":{"self":[{"href":"https:\/\/matematyka.ujk.edu.pl\/index.php\/wp-json\/wp\/v2\/pages\/306","targetHints":{"allow":["GET"]}}],"collection":[{"href":"https:\/\/matematyka.ujk.edu.pl\/index.php\/wp-json\/wp\/v2\/pages"}],"about":[{"href":"https:\/\/matematyka.ujk.edu.pl\/index.php\/wp-json\/wp\/v2\/types\/page"}],"author":[{"embeddable":true,"href":"https:\/\/matematyka.ujk.edu.pl\/index.php\/wp-json\/wp\/v2\/users\/1"}],"replies":[{"embeddable":true,"href":"https:\/\/matematyka.ujk.edu.pl\/index.php\/wp-json\/wp\/v2\/comments?post=306"}],"version-history":[{"count":23,"href":"https:\/\/matematyka.ujk.edu.pl\/index.php\/wp-json\/wp\/v2\/pages\/306\/revisions"}],"predecessor-version":[{"id":1559,"href":"https:\/\/matematyka.ujk.edu.pl\/index.php\/wp-json\/wp\/v2\/pages\/306\/revisions\/1559"}],"wp:attachment":[{"href":"https:\/\/matematyka.ujk.edu.pl\/index.php\/wp-json\/wp\/v2\/media?parent=306"}],"curies":[{"name":"wp","href":"https:\/\/api.w.org\/{rel}","templated":true}]}}