{"id":310,"date":"2024-12-05T10:46:30","date_gmt":"2024-12-05T09:46:30","guid":{"rendered":"https:\/\/matematyka.ujk.edu.pl\/new\/?page_id=310"},"modified":"2025-11-20T09:54:05","modified_gmt":"2025-11-20T08:54:05","slug":"zaklad-topologii-i-algebry","status":"publish","type":"page","link":"https:\/\/matematyka.ujk.edu.pl\/index.php\/zaklad-topologii-i-algebry\/","title":{"rendered":"Zak\u0142ad Topologii i Algebry"},"content":{"rendered":"\r\n<p><strong>Kierownik Zak\u0142adu:<\/strong><\/p>\r\n\r\n\r\n\r\n<p>\u00a0\u00a0\u00a0\u00a0\u00a0\u00a0\u00a0\u00a0\u00a0 prof. dr hab. Taras Banakh, taras.banakh@ujk.edu.pl<\/p>\r\n\r\n\r\n\r\n<p><strong>Pracownicy badawczo-dydaktyczni:<\/strong><\/p>\r\n\r\n\r\n\r\n<ol class=\"wp-block-list\">\r\n<li>prof. dr hab. Taras Banakh, taras.banakh@ujk.edu.pl<\/li>\r\n\r\n\r\n\r\n<li>dr Joanna Garbuli\u0144ska-W\u0119grzyn, adiunkt, joanna.garbulinska@ujk.edu.pl<\/li>\r\n\r\n\r\n\r\n<li>dr Mateusz Masternak, adiunkt, mateusz.masternak@ujk.edu.pl<\/li>\r\n\r\n\r\n\r\n<li>dr Magdalena Nowak, adiunkt, mnowak@ujk.edu.pl<\/li>\r\n\r\n\r\n\r\n<li>dr Judyta B\u0105k, adiunkt, judyta.bak@ujk.edu.pl<\/li>\r\n\r\n\r\n\r\n<li>dr hab. Wojciech Jab\u0142o\u0144ski, prof. UJK, wojciech.jablonski@ujk.edu.pl<\/li>\r\n<li>mgr Zuzanna \u017burek, asystent, zuzanna.zurek@ujk.edu.pl<\/li>\r\n<\/ol>\r\n\r\n\r\n\r\n<p><strong>Pracownicy dydaktyczni:<\/strong><\/p>\r\n\r\n\r\n\r\n<p>\u00a0 \u00a0 \u00a08. dr Monika Czajkowska, adiunkt, monika.czajkowska@ujk.edu.pl<br \/>\u00a0 \u00a0 \u00a09. mgr Pawe\u0142 Dziuba, wyk\u0142adowca, pawel.dziuba@ujk.edu.pl<br \/>\u00a0 \u00a0 \u00a010. dr El\u017cbieta Zaj\u0105c, adiunkt, ezajac@ujk.edu.pl<\/p>\r\n\r\n\r\n\r\n<p><strong>Tematyka bada\u0144:<\/strong><\/p>\r\n\r\n\r\n\r\n<ul class=\"wp-block-list\">\r\n<li>Topologia og\u00f3lna.<\/li>\r\n\r\n\r\n\r\n<li>Topologia geometryczna.<\/li>\r\n\r\n\r\n\r\n<li>Topologia teorio zbiorowa.<\/li>\r\n\r\n\r\n\r\n<li>Algebry topologiczne.<\/li>\r\n\r\n\r\n\r\n<li>Struktury algebraiczne i porz\u0105dkowe.<\/li>\r\n\r\n\r\n\r\n<li>Geometria og\u00f3lna.<\/li>\r\n\r\n\r\n\r\n<li>Geometria przestrzeni Banacha.<\/li>\r\n\r\n\r\n\r\n<li>Geometria algebraiczna.<\/li>\r\n\r\n\r\n\r\n<li>Teoria continu\u00f3w.<\/li>\r\n\r\n\r\n\r\n<li>Teoria fraktali.<\/li>\r\n<\/ul>\r\n","protected":false},"excerpt":{"rendered":"<p>Kierownik Zak\u0142adu: \u00a0\u00a0\u00a0\u00a0\u00a0\u00a0\u00a0\u00a0\u00a0 prof. dr hab. Taras Banakh, taras.banakh@ujk.edu.pl Pracownicy badawczo-dydaktyczni: Pracownicy dydaktyczni: \u00a0 \u00a0 \u00a08. dr Monika Czajkowska, adiunkt, monika.czajkowska@ujk.edu.pl\u00a0 \u00a0 \u00a09. mgr Pawe\u0142 Dziuba, wyk\u0142adowca, pawel.dziuba@ujk.edu.pl\u00a0 \u00a0 \u00a010. dr El\u017cbieta Zaj\u0105c, adiunkt, ezajac@ujk.edu.pl Tematyka bada\u0144:<\/p>\n","protected":false},"author":1,"featured_media":0,"parent":0,"menu_order":0,"comment_status":"closed","ping_status":"closed","template":"","meta":{"footnotes":""},"class_list":["post-310","page","type-page","status-publish","hentry"],"_links":{"self":[{"href":"https:\/\/matematyka.ujk.edu.pl\/index.php\/wp-json\/wp\/v2\/pages\/310","targetHints":{"allow":["GET"]}}],"collection":[{"href":"https:\/\/matematyka.ujk.edu.pl\/index.php\/wp-json\/wp\/v2\/pages"}],"about":[{"href":"https:\/\/matematyka.ujk.edu.pl\/index.php\/wp-json\/wp\/v2\/types\/page"}],"author":[{"embeddable":true,"href":"https:\/\/matematyka.ujk.edu.pl\/index.php\/wp-json\/wp\/v2\/users\/1"}],"replies":[{"embeddable":true,"href":"https:\/\/matematyka.ujk.edu.pl\/index.php\/wp-json\/wp\/v2\/comments?post=310"}],"version-history":[{"count":5,"href":"https:\/\/matematyka.ujk.edu.pl\/index.php\/wp-json\/wp\/v2\/pages\/310\/revisions"}],"predecessor-version":[{"id":1845,"href":"https:\/\/matematyka.ujk.edu.pl\/index.php\/wp-json\/wp\/v2\/pages\/310\/revisions\/1845"}],"wp:attachment":[{"href":"https:\/\/matematyka.ujk.edu.pl\/index.php\/wp-json\/wp\/v2\/media?parent=310"}],"curies":[{"name":"wp","href":"https:\/\/api.w.org\/{rel}","templated":true}]}}