{"id":326,"date":"2024-12-05T12:18:58","date_gmt":"2024-12-05T11:18:58","guid":{"rendered":"https:\/\/matematyka.ujk.edu.pl\/new\/?page_id=326"},"modified":"2026-02-24T12:36:09","modified_gmt":"2026-02-24T11:36:09","slug":"seminaria","status":"publish","type":"page","link":"https:\/\/matematyka.ujk.edu.pl\/index.php\/seminaria\/","title":{"rendered":"Seminaria"},"content":{"rendered":"\r\n<p>&nbsp;<\/p>\r\n\r\n\r\n\r\n<p><a href=\"https:\/\/matematyka.ujk.edu.pl\/\/seminarium-instytutowe\/\" target=\"_blank\" rel=\"noreferrer noopener\">Instytutowe<\/a>\u00a0<\/p>\r\n\r\n\r\n\r\n<p><a href=\"https:\/\/seminarium-matematyka.ujk.edu.pl\/\" target=\"_blank\" rel=\"noreferrer noopener\">Z teorii mnogo\u015bci i topologii<\/a><\/p>\r\n\r\n\r\n\r\n<p><a href=\"https:\/\/matematyka.ujk.edu.pl\/\/seminarium-statystyka\/\" target=\"_blank\" rel=\"noreferrer noopener\">Ze statystyki i jej zastosowa\u0144<\/a><\/p>\r\n\r\n\r\n\r\n<p><a href=\"https:\/\/www.impan.pl\/pl\/dzialalnosc\/seminaria\/analityczna-teoria-rownan-rozniczkowych\" target=\"_blank\" rel=\"noreferrer noopener\">Analityczna Teoria R\u00f3wna\u0144 R\u00f3\u017cniczkowych<\/a><\/p>\r\n\r\n\r\n\r\n<p>&nbsp;<\/p>\r\n","protected":false},"excerpt":{"rendered":"<p>&nbsp; Instytutowe\u00a0 Z teorii mnogo\u015bci i topologii Ze statystyki i jej zastosowa\u0144 Analityczna Teoria R\u00f3wna\u0144 R\u00f3\u017cniczkowych &nbsp;<\/p>\n","protected":false},"author":1,"featured_media":0,"parent":0,"menu_order":0,"comment_status":"closed","ping_status":"closed","template":"","meta":{"footnotes":""},"class_list":["post-326","page","type-page","status-publish","hentry"],"_links":{"self":[{"href":"https:\/\/matematyka.ujk.edu.pl\/index.php\/wp-json\/wp\/v2\/pages\/326","targetHints":{"allow":["GET"]}}],"collection":[{"href":"https:\/\/matematyka.ujk.edu.pl\/index.php\/wp-json\/wp\/v2\/pages"}],"about":[{"href":"https:\/\/matematyka.ujk.edu.pl\/index.php\/wp-json\/wp\/v2\/types\/page"}],"author":[{"embeddable":true,"href":"https:\/\/matematyka.ujk.edu.pl\/index.php\/wp-json\/wp\/v2\/users\/1"}],"replies":[{"embeddable":true,"href":"https:\/\/matematyka.ujk.edu.pl\/index.php\/wp-json\/wp\/v2\/comments?post=326"}],"version-history":[{"count":9,"href":"https:\/\/matematyka.ujk.edu.pl\/index.php\/wp-json\/wp\/v2\/pages\/326\/revisions"}],"predecessor-version":[{"id":2048,"href":"https:\/\/matematyka.ujk.edu.pl\/index.php\/wp-json\/wp\/v2\/pages\/326\/revisions\/2048"}],"wp:attachment":[{"href":"https:\/\/matematyka.ujk.edu.pl\/index.php\/wp-json\/wp\/v2\/media?parent=326"}],"curies":[{"name":"wp","href":"https:\/\/api.w.org\/{rel}","templated":true}]}}