{"id":338,"date":"2024-12-05T12:36:15","date_gmt":"2024-12-05T11:36:15","guid":{"rendered":"https:\/\/matematyka.ujk.edu.pl\/new\/?page_id=338"},"modified":"2024-12-05T12:36:15","modified_gmt":"2024-12-05T11:36:15","slug":"odkrywamy-swiat-liczb-o-projekcie","status":"publish","type":"page","link":"https:\/\/matematyka.ujk.edu.pl\/index.php\/odkrywamy-swiat-liczb-o-projekcie\/","title":{"rendered":"Odkrywamy \u015awiat Liczb \u2013 o projekcie"},"content":{"rendered":"\n<h3 class=\"wp-block-heading\">Informacje og\u00f3lne<\/h3>\n\n\n\n<p><strong>Mamy zaszczyt poinformowa\u0107, i\u017c na naszym Wydziale b\u0119dzie realizowany w ramach programu Ministerstwa Nauki i Szkolnictwa Wy\u017cszego \u201eUniwersytet M\u0142odego Odkrywcy\u201d projekt przygotowany przez: dr Ann\u0119 Adach, dr Danut\u0119 Grabk\u0119, dr hab. Rafa\u0142a Koz\u0142owskiego prof. UJK, dr Magdalen\u0119 Nowak, mgr Miros\u0142awa Szweda<\/strong><\/p>\n\n\n\n<p><strong>Odkrywamy \u015bwiat liczb i funkcji matematycznych w chemii i \u015brodowisku<\/strong><\/p>\n\n\n\n<p>Zaj\u0119cia przygotowuj\u0105 i prowadz\u0105: dr A. Adach, dr J. Garbuli\u0144ska \u2013 W\u0119grzyn, dr D. Grabka, dr prof. dr hab. M. J\u00f3\u017awiak, mgr A. Koz\u0142owska, dr hab. R. Koz\u0142owski prof. UJK, dr M. Nowak, dr hab. in\u017c. P. Rybi\u0144ski, dr B. Szczepanik, mgr M. Szwed, mgr B. Wodecka<\/p>\n\n\n\n<p>Projekt jest skierowany do m\u0142odzie\u017cy gimnazjalnej w wieku 14 \u2013 16 lat.<\/p>\n\n\n\n<p>Celem projektu jest pobudzenie zainteresowania naukami przyrodniczymi poprzez zg\u0142\u0119bianie tajemnic liczb i funkcji matematycznych oraz ich wykorzystanie w chemii i ochronie \u015brodowiska.<\/p>\n\n\n\n<p>Zaplanowano 8 spotka\u0144, na kt\u00f3rych b\u0119d\u0105 realizowane nast\u0119puj\u0105ce zadania:<\/p>\n\n\n\n<ul class=\"wp-block-list\">\n<li>wypracowanie umiej\u0119tno\u015bci pos\u0142ugiwania si\u0119 logarytmami,<\/li>\n\n\n\n<li>popularyzacja zapisywania liczb w formie wyk\u0142adniczej,<\/li>\n\n\n\n<li>rozwijanie zdolno\u015bci geometrycznych poprzez odnajdywanie z\u0142otej proporcji i kafelkowanie p\u0142aszczyzn,<\/li>\n\n\n\n<li>rozwijanie wyobra\u017ani przestrzennej poprzez konstruowanie bry\u0142 geometrycznych,<\/li>\n\n\n\n<li>okre\u015blenie liczno\u015bci materii przez wprowadzenie poj\u0119cia mola \u2013 og\u00f3lnie stosowanego chemii i wykorzystanie go do szacowania st\u0119\u017cenia roztwor\u00f3w,<\/li>\n\n\n\n<li>wypracowanie umiej\u0119tno\u015bci sporz\u0105dzania roztwor\u00f3w, w tym o bardzo niskich st\u0119\u017ceniach,<\/li>\n\n\n\n<li>wyja\u015bnienie ilo\u015bciowej interpretacji pH,<\/li>\n\n\n\n<li>wypracowanie umiej\u0119tno\u015bci pos\u0142ugiwania si\u0119 szk\u0142em i sprz\u0119tem laboratoryjnym,<\/li>\n\n\n\n<li>pokazanie sposob\u00f3w badania pH r\u00f3\u017cnych roztwor\u00f3w (w tym tak\u017ce og\u00f3lnie znanych z \u017cycia codziennego) i oceny uzyskanych wynik\u00f3w,<\/li>\n\n\n\n<li>zapoznanie z w\u0142a\u015bciwo\u015bciami fizyko-chemicznymi wody i roztwor\u00f3w wodnych w otaczaj\u0105cym nas \u015brodowisku,<\/li>\n\n\n\n<li>praktyczne wykorzystanie wiedzy z zakresu ekologii w \u017cyciu codziennym,<\/li>\n\n\n\n<li>rozwijanie umiej\u0119tno\u015bci samodzielnego wykonywania do\u015bwiadcze\u0144 i wyci\u0105gania wniosk\u00f3w z przeprowadzonych eksperyment\u00f3w.<\/li>\n\n\n\n<li>pobudzenie do \u015bwiadomego korzystania z d\u00f3br konsumenckich poprzez analizowanie etykiet.<\/li>\n<\/ul>\n\n\n\n<p>Koordynator: dr D. Grabka, danuta.grabka@ujk.edu.pl<\/p>\n\n\n\n<p>Administrator: mgr P. Rogala, pawel.krzysztof.rogala@o2.pl<\/p>\n","protected":false},"excerpt":{"rendered":"<p>Informacje og\u00f3lne Mamy zaszczyt poinformowa\u0107, i\u017c na naszym Wydziale b\u0119dzie realizowany w ramach programu Ministerstwa Nauki i Szkolnictwa Wy\u017cszego \u201eUniwersytet M\u0142odego Odkrywcy\u201d projekt przygotowany przez: dr Ann\u0119 Adach, dr Danut\u0119 Grabk\u0119, dr hab. Rafa\u0142a Koz\u0142owskiego prof. UJK, dr Magdalen\u0119 Nowak, mgr Miros\u0142awa Szweda Odkrywamy \u015bwiat liczb i funkcji matematycznych w chemii i \u015brodowisku Zaj\u0119cia przygotowuj\u0105 [&hellip;]<\/p>\n","protected":false},"author":1,"featured_media":0,"parent":0,"menu_order":0,"comment_status":"closed","ping_status":"closed","template":"","meta":{"footnotes":""},"class_list":["post-338","page","type-page","status-publish","hentry"],"_links":{"self":[{"href":"https:\/\/matematyka.ujk.edu.pl\/index.php\/wp-json\/wp\/v2\/pages\/338","targetHints":{"allow":["GET"]}}],"collection":[{"href":"https:\/\/matematyka.ujk.edu.pl\/index.php\/wp-json\/wp\/v2\/pages"}],"about":[{"href":"https:\/\/matematyka.ujk.edu.pl\/index.php\/wp-json\/wp\/v2\/types\/page"}],"author":[{"embeddable":true,"href":"https:\/\/matematyka.ujk.edu.pl\/index.php\/wp-json\/wp\/v2\/users\/1"}],"replies":[{"embeddable":true,"href":"https:\/\/matematyka.ujk.edu.pl\/index.php\/wp-json\/wp\/v2\/comments?post=338"}],"version-history":[{"count":1,"href":"https:\/\/matematyka.ujk.edu.pl\/index.php\/wp-json\/wp\/v2\/pages\/338\/revisions"}],"predecessor-version":[{"id":339,"href":"https:\/\/matematyka.ujk.edu.pl\/index.php\/wp-json\/wp\/v2\/pages\/338\/revisions\/339"}],"wp:attachment":[{"href":"https:\/\/matematyka.ujk.edu.pl\/index.php\/wp-json\/wp\/v2\/media?parent=338"}],"curies":[{"name":"wp","href":"https:\/\/api.w.org\/{rel}","templated":true}]}}