{"id":368,"date":"2024-12-06T14:41:59","date_gmt":"2024-12-06T13:41:59","guid":{"rendered":"https:\/\/matematyka.ujk.edu.pl\/new\/?page_id=368"},"modified":"2026-03-05T10:52:40","modified_gmt":"2026-03-05T09:52:40","slug":"wladze-katedry","status":"publish","type":"page","link":"https:\/\/matematyka.ujk.edu.pl\/index.php\/wladze-katedry\/","title":{"rendered":"W\u0142adze Katedry"},"content":{"rendered":"<table border=\"0\" width=\"100%\">\n<tbody>\n<tr align=\"center\">\n<td colspan=\"3\"><b>Dyrekcja<\/b><\/td>\n<\/tr>\n<tr>\n<td>Kierownik Katedry<\/td>\n<td style=\"text-align: center;\">Prof. UJK dr hab. Wojciech Jab\u0142o\u0144ski<\/td>\n<td style=\"text-align: right;\"><a href=\"mailto:wojciech.jablonski@ujk.edu.pl\"><span style=\"font-size: 14;\">wojciech.jablonski@ujk.edu.pl<\/span><\/a><\/td>\n<\/tr>\n<tr>\n<td>Zast\u0119pca Kierownika Katedry ds. naukowych<\/td>\n<td style=\"text-align: center;\">Prof. UJK dr hab. Grzegorz \u0141ysik<\/td>\n<td style=\"text-align: right;\"><a href=\"mailto:grzegorz.lysik@ujk.edu.pl\"><span style=\"font-size: 14;\">grzegorz.lysik@ujk.edu.pl<\/span><\/a><\/td>\n<\/tr>\n<tr>\n<td>Zast\u0119pca Kierownika Katedry ds. kszta\u0142cenia<\/td>\n<td style=\"text-align: center;\">dr Monika Czajkowska<\/td>\n<td style=\"text-align: right;\"><a href=\"mailto:monika.czajkowska@ujk.edu.pl\"><span style=\"font-size: 14;\">monika.czajkowska@ujk.edu.pl<\/span><\/a><\/td>\n<\/tr>\n<tr>\n<td><\/td>\n<td><\/td>\n<\/tr>\n<\/tbody>\n<\/table>\n","protected":false},"excerpt":{"rendered":"<p>Dyrekcja Kierownik Katedry Prof. UJK dr hab. Wojciech Jab\u0142o\u0144ski wojciech.jablonski@ujk.edu.pl Zast\u0119pca Kierownika Katedry ds. naukowych Prof. UJK dr hab. Grzegorz \u0141ysik grzegorz.lysik@ujk.edu.pl Zast\u0119pca Kierownika Katedry ds. kszta\u0142cenia dr Monika Czajkowska monika.czajkowska@ujk.edu.pl<\/p>\n","protected":false},"author":1,"featured_media":0,"parent":0,"menu_order":0,"comment_status":"closed","ping_status":"closed","template":"","meta":{"footnotes":""},"class_list":["post-368","page","type-page","status-publish","hentry"],"_links":{"self":[{"href":"https:\/\/matematyka.ujk.edu.pl\/index.php\/wp-json\/wp\/v2\/pages\/368","targetHints":{"allow":["GET"]}}],"collection":[{"href":"https:\/\/matematyka.ujk.edu.pl\/index.php\/wp-json\/wp\/v2\/pages"}],"about":[{"href":"https:\/\/matematyka.ujk.edu.pl\/index.php\/wp-json\/wp\/v2\/types\/page"}],"author":[{"embeddable":true,"href":"https:\/\/matematyka.ujk.edu.pl\/index.php\/wp-json\/wp\/v2\/users\/1"}],"replies":[{"embeddable":true,"href":"https:\/\/matematyka.ujk.edu.pl\/index.php\/wp-json\/wp\/v2\/comments?post=368"}],"version-history":[{"count":46,"href":"https:\/\/matematyka.ujk.edu.pl\/index.php\/wp-json\/wp\/v2\/pages\/368\/revisions"}],"predecessor-version":[{"id":2068,"href":"https:\/\/matematyka.ujk.edu.pl\/index.php\/wp-json\/wp\/v2\/pages\/368\/revisions\/2068"}],"wp:attachment":[{"href":"https:\/\/matematyka.ujk.edu.pl\/index.php\/wp-json\/wp\/v2\/media?parent=368"}],"curies":[{"name":"wp","href":"https:\/\/api.w.org\/{rel}","templated":true}]}}