{"id":48,"date":"2024-07-01T11:44:42","date_gmt":"2024-07-01T09:44:42","guid":{"rendered":"https:\/\/matematyka.ujk.edu.pl\/new\/?page_id=48"},"modified":"2024-07-01T11:59:28","modified_gmt":"2024-07-01T09:59:28","slug":"kontakt","status":"publish","type":"page","link":"https:\/\/matematyka.ujk.edu.pl\/index.php\/kontakt\/","title":{"rendered":"Kontakt"},"content":{"rendered":"\n<h3 class=\"wp-block-heading\">Katedra Matematyki<\/h3>\n\n\n\n<h4 class=\"wp-block-heading\">Wydzia\u0142 Nauk \u015acis\u0142ych i Przyrodniczych<\/h4>\n\n\n\n<h5 class=\"wp-block-heading\">Uniwersytet Jana Kochanowskiego w Kielcach<\/h5>\n\n\n\n<hr class=\"wp-block-separator has-alpha-channel-opacity\"\/>\n\n\n\n<p>ul. Uniwersytecka 7<br>25-406 Kielce<br>tel.: 41 349 62 50<br>email:&nbsp;<a href=\"mailto:imat@ujk.edu.pl\">imat@ujk.edu.pl<\/a>\n<br><br>\n<iframe loading=\"lazy\" style=\"border: 0; display: block; margin-left: auto; margin-right: auto;\" src=\"https:\/\/www.google.com\/maps\/embed?pb=!1m18!1m12!1m3!1d2517.2746736626677!2d20.655770715398937!3d50.8816264640839!2m3!1f0!2f0!3f0!3m2!1i1024!2i768!4f13.1!3m3!1m2!1s0x471827a4fa68e023%3A0xc2d4ba67c313f2bc!2s%C5%9Awi%C4%99tokrzyska+15%2C+25-001+Kielce!5e0!3m2!1spl!2spl!4v1520933253610\" width=\"650\" height=\"500\" frameborder=\"0\" allowfullscreen=\"allowfullscreen\"><\/iframe>\n<\/p>\n\n\n\n<p><\/p>\n\n\n\n<p><\/p>\n","protected":false},"excerpt":{"rendered":"<p>Katedra Matematyki Wydzia\u0142 Nauk \u015acis\u0142ych i Przyrodniczych Uniwersytet Jana Kochanowskiego w Kielcach ul. Uniwersytecka 725-406 Kielcetel.: 41 349 62 50email:&nbsp;imat@ujk.edu.pl<\/p>\n","protected":false},"author":1,"featured_media":0,"parent":0,"menu_order":0,"comment_status":"closed","ping_status":"closed","template":"","meta":{"footnotes":""},"class_list":["post-48","page","type-page","status-publish","hentry"],"_links":{"self":[{"href":"https:\/\/matematyka.ujk.edu.pl\/index.php\/wp-json\/wp\/v2\/pages\/48","targetHints":{"allow":["GET"]}}],"collection":[{"href":"https:\/\/matematyka.ujk.edu.pl\/index.php\/wp-json\/wp\/v2\/pages"}],"about":[{"href":"https:\/\/matematyka.ujk.edu.pl\/index.php\/wp-json\/wp\/v2\/types\/page"}],"author":[{"embeddable":true,"href":"https:\/\/matematyka.ujk.edu.pl\/index.php\/wp-json\/wp\/v2\/users\/1"}],"replies":[{"embeddable":true,"href":"https:\/\/matematyka.ujk.edu.pl\/index.php\/wp-json\/wp\/v2\/comments?post=48"}],"version-history":[{"count":16,"href":"https:\/\/matematyka.ujk.edu.pl\/index.php\/wp-json\/wp\/v2\/pages\/48\/revisions"}],"predecessor-version":[{"id":65,"href":"https:\/\/matematyka.ujk.edu.pl\/index.php\/wp-json\/wp\/v2\/pages\/48\/revisions\/65"}],"wp:attachment":[{"href":"https:\/\/matematyka.ujk.edu.pl\/index.php\/wp-json\/wp\/v2\/media?parent=48"}],"curies":[{"name":"wp","href":"https:\/\/api.w.org\/{rel}","templated":true}]}}