{"id":769,"date":"2024-12-11T11:31:53","date_gmt":"2024-12-11T10:31:53","guid":{"rendered":"https:\/\/matematyka.ujk.edu.pl\/new\/?page_id=769"},"modified":"2025-01-29T07:35:42","modified_gmt":"2025-01-29T06:35:42","slug":"swieto-liczby-pi-2023","status":"publish","type":"page","link":"https:\/\/matematyka.ujk.edu.pl\/index.php\/swieto-liczby-pi-2023\/","title":{"rendered":"\u015awi\u0119to Liczby Pi 2023"},"content":{"rendered":"<p>&nbsp;<\/p>\n<table>\n<tbody>\n<tr>\n<td><a href=\"https:\/\/matematyka.ujk.edu.pl\/wp-content\/uploads\/2024\/07\/PanPi2023-189x300-1.png\" target=\"_blank\" rel=\"noopener\"><img loading=\"lazy\" decoding=\"async\" class=\"alignnone wp-image-2102\" title=\"\u015awi\u0119to Liczby Pi - grafika\" src=\"https:\/\/matematyka.ujk.edu.pl\/wp-content\/uploads\/2024\/07\/PanPi2023-189x300-1.png\" alt=\"\u015awi\u0119to Liczby Pi - grafika\" width=\"664\" height=\"1056\" \/><\/a><\/td>\n<td><b>Katedra Matematyki<\/b>\u00a0Uniwersytetu Jana Kochanowskiego<br \/>\noraz\u00a0<b>Studenckie Ko\u0142o Naukowe<\/b>\u00a0\u201eRozmaito\u015bci\u201dmaj\u0105 zaszczyt zaprosi\u0107 uczni\u00f3w lice\u00f3w i technik\u00f3w, nauczycieli oraz wszystkich zainteresowanych na 13. obchody<b>\u015awi\u0119ta Liczby\u00a0<i>\u03c0<\/i><\/b>kt\u00f3re rozpoczn\u0105 si\u0119\u00a0<b>17 marca 2023<\/b>\u00a0roku o godzinie 10:00 w auli B1 budynku G Wydzia\u0142u Nauk \u015acis\u0142ych i Przyrodniczych Uniwersytetu Jana Kochanowskiego w Kielcach przy ul. Uniwersyteckiej 7.Serdecznie zapraszamy!<\/td>\n<\/tr>\n<tr>\n<td colspan=\"2\">\n<hr \/>\n<p><b>P R O G R A M<\/b><\/p>\n<table>\n<tbody>\n<tr>\n<td>10:00<\/td>\n<td>powitanie uczestnik\u00f3w i otwarcie obchod\u00f3w<\/td>\n<\/tr>\n<tr>\n<td>10:10<\/td>\n<td>wyk\u0142ad \u201eO niesko\u0144czono\u015bci\u201d<br \/>\ndr Micha\u0142 Pop\u0142awski (Katedra Matematyki Uniwersytetu Jana Kochanowskiego)<\/td>\n<\/tr>\n<tr>\n<td>10:50<\/td>\n<td>konkurs dla uczestnik\u00f3w<\/td>\n<\/tr>\n<tr>\n<td>11:20<\/td>\n<td>przerwa<\/td>\n<\/tr>\n<tr>\n<td>11:40<\/td>\n<td>wyk\u0142ad \u201eOsobliwe obliczenia\u201d<br \/>\ndr Joanna Garbuli\u0144ska-W\u0119grzyn (Katedra Matematyki Uniwersytetu Jana Kochanowskiego)<\/td>\n<\/tr>\n<tr>\n<td>12:20<\/td>\n<td>wyk\u0142ad \u201eO kilku problemach z matematyki dyskretnej\u201d<br \/>\nprof. dr hab. Adam Idzik (Instytut Podstaw Informatyki Polskiej Akademii Nauk)<\/td>\n<\/tr>\n<tr>\n<td>13:10<\/td>\n<td>zako\u0144czenie obchod\u00f3w<\/td>\n<\/tr>\n<\/tbody>\n<\/table>\n<hr \/>\n<\/td>\n<\/tr>\n<tr>\n<td colspan=\"2\"><strong>REJESTRACJA<\/strong><\/p>\n<p>Informujemy, \u017ce wprowadzona zosta\u0142a\u00a0<strong>obowi\u0105zkowa rejestracja<\/strong>\u00a0grup uczestnik\u00f3w.<\/p>\n<p>Zg\u0142oszenia uczestnictwa nale\u017cy wysy\u0142a\u0107 na adres imat@ujk.edu.pl, wpisuj\u0105c jako temat: \u201ezg\u0142oszenie pi 2023\u201d. W tre\u015bci wiadomo\u015bci nale\u017cy poda\u0107 w nast\u0119puj\u0105cej kolejno\u015bci (i z zachowaniem numeracji):<\/p>\n<ol>\n<li>nazw\u0119 i adres szko\u0142y,<\/li>\n<li>liczb\u0119 uczestnik\u00f3w-uczni\u00f3w tworz\u0105cych grup\u0119,<\/li>\n<li>liczb\u0119 opiekun\u00f3w (i innych os\u00f3b towarzysz\u0105cych grupie, je\u015bli takie b\u0119d\u0105),<\/li>\n<li>imi\u0119 i nazwisko osoby do kontaktu \u2013 oraz mail lub telefon do tej osoby,<\/li>\n<\/ol>\n<p>O przyj\u0119ciu zg\u0142oszenia udzia\u0142u w obchodach \u015awi\u0119ta Liczby Pi\u00a0<strong>decyduje kolejno\u015b\u0107 zg\u0142osze\u0144<\/strong>\u00a0a\u017c do wyczerpania limitu miejsc (ok. 180).<\/p>\n<p>Ponadto obowi\u0105zuje limit jednej klasy z jednej szko\u0142y, a kolejn\u0105 klas\u0119 mo\u017cna wpisa\u0107 na list\u0119 rezerwow\u0105.<\/p>\n<p>Informujemy r\u00f3wnie\u017c, \u017ce wyczerpano limit miejsc, kolejna klasa znajdzie si\u0119 na li\u015bcie rezerwowej.<\/p>\n<hr \/>\n<\/td>\n<\/tr>\n<tr>\n<td colspan=\"2\"><strong>Patronat honorowy<\/strong><\/p>\n<p><a href=\"https:\/\/matematyka.ujk.edu.pl\/wp-content\/uploads\/2024\/07\/ptm2-2023.png\" target=\"_blank\" rel=\"noopener\"><img loading=\"lazy\" decoding=\"async\" class=\"alignnone wp-image-2173\" title=\"PTM - grafika\" src=\"https:\/\/matematyka.ujk.edu.pl\/wp-content\/uploads\/2025\/01\/ptm2-300x44.png\" alt=\"PTM - grafika\" width=\"443\" height=\"65\" \/><\/a><\/p>\n<hr \/>\n<\/td>\n<\/tr>\n<tr>\n<td colspan=\"2\">Ze wzgl\u0119du na lokalizacj\u0119 kampusu uniwersyteckiego za drog\u0105 ekspresow\u0105 S74 podajemy\u00a0<a href=\"https:\/\/www.google.pl\/maps\/dir\/Jesionowa,+Kielce\/50.879878,20.6546343\/@50.8800883,20.6433473,2279m\/data=!3m1!1e3!4m14!4m13!1m10!1m1!1s0x471827c68d3a4e8f:0xbca5581f31a881ed!2m2!1d20.634521!2d50.885986!3m4!1m2!1d20.6430185!2d50.875298!3s0x4718279615e67b03:0x530cb6e0f72eef04!1m0!3e0?hl=pl\">wskaz\u00f3wk\u0119<\/a>\u00a0dojazdu na parking Wydzia\u0142u Nauk \u015acis\u0142ych i Przyrodniczych.<\/td>\n<\/tr>\n<\/tbody>\n<\/table>\n","protected":false},"excerpt":{"rendered":"<p>&nbsp; Katedra Matematyki\u00a0Uniwersytetu Jana Kochanowskiego oraz\u00a0Studenckie Ko\u0142o Naukowe\u00a0\u201eRozmaito\u015bci\u201dmaj\u0105 zaszczyt zaprosi\u0107 uczni\u00f3w lice\u00f3w i technik\u00f3w, nauczycieli oraz wszystkich zainteresowanych na 13. obchody\u015awi\u0119ta Liczby\u00a0\u03c0kt\u00f3re rozpoczn\u0105 si\u0119\u00a017 marca 2023\u00a0roku o godzinie 10:00 w auli B1 budynku G Wydzia\u0142u Nauk \u015acis\u0142ych i Przyrodniczych Uniwersytetu Jana Kochanowskiego w Kielcach przy ul. Uniwersyteckiej 7.Serdecznie zapraszamy! P R O G R A [&hellip;]<\/p>\n","protected":false},"author":1,"featured_media":0,"parent":0,"menu_order":0,"comment_status":"closed","ping_status":"closed","template":"","meta":{"footnotes":""},"class_list":["post-769","page","type-page","status-publish","hentry"],"_links":{"self":[{"href":"https:\/\/matematyka.ujk.edu.pl\/index.php\/wp-json\/wp\/v2\/pages\/769","targetHints":{"allow":["GET"]}}],"collection":[{"href":"https:\/\/matematyka.ujk.edu.pl\/index.php\/wp-json\/wp\/v2\/pages"}],"about":[{"href":"https:\/\/matematyka.ujk.edu.pl\/index.php\/wp-json\/wp\/v2\/types\/page"}],"author":[{"embeddable":true,"href":"https:\/\/matematyka.ujk.edu.pl\/index.php\/wp-json\/wp\/v2\/users\/1"}],"replies":[{"embeddable":true,"href":"https:\/\/matematyka.ujk.edu.pl\/index.php\/wp-json\/wp\/v2\/comments?post=769"}],"version-history":[{"count":15,"href":"https:\/\/matematyka.ujk.edu.pl\/index.php\/wp-json\/wp\/v2\/pages\/769\/revisions"}],"predecessor-version":[{"id":934,"href":"https:\/\/matematyka.ujk.edu.pl\/index.php\/wp-json\/wp\/v2\/pages\/769\/revisions\/934"}],"wp:attachment":[{"href":"https:\/\/matematyka.ujk.edu.pl\/index.php\/wp-json\/wp\/v2\/media?parent=769"}],"curies":[{"name":"wp","href":"https:\/\/api.w.org\/{rel}","templated":true}]}}