{"id":785,"date":"2024-12-11T12:28:14","date_gmt":"2024-12-11T11:28:14","guid":{"rendered":"https:\/\/matematyka.ujk.edu.pl\/new\/?page_id=785"},"modified":"2025-01-28T14:13:23","modified_gmt":"2025-01-28T13:13:23","slug":"swieto-liczby-pi-2018","status":"publish","type":"page","link":"https:\/\/matematyka.ujk.edu.pl\/index.php\/swieto-liczby-pi-2018\/","title":{"rendered":"\u015awi\u0119to Liczby Pi 2018"},"content":{"rendered":"<p align=\"left\"><b>2 i 16 marca 2018\u00a0<\/b>roku w auli B1 budynku G Wydzia\u0142u Matematyczno-Przyrodniczego Uniwersytetu Jana Kochanowskiego w Kielcach, przy ul. \u015awi\u0119tokrzyskiej 15, odby\u0142y si\u0119 jubileuszowe 10. obchody<\/p>\n<p><b class=\"Apple-style-span\">\u015awi\u0119ta Liczby \u03c0<\/b><\/p>\n<p>zorganizowane przez\u00a0<b>Instytut Matematyki<\/b>\u00a0Uniwersytetu Jana Kochanowskiego oraz\u00a0<b>Studenckie Ko\u0142o Naukowe<\/b>\u00a0\u201eRozmaito\u015bci\u201d.<\/p>\n<table border=\"0\">\n<tbody>\n<tr>\n<td><a href=\"https:\/\/matematyka.ujk.edu.pl\/wp-content\/uploads\/2025\/01\/panpi2018_mini.png\"><img loading=\"lazy\" decoding=\"async\" class=\"alignnone wp-image-836\" title=\"Logotyp \u015awi\u0119ta liczby Pi 2018\" src=\"https:\/\/matematyka.ujk.edu.pl\/wp-content\/uploads\/2025\/01\/panpi2018_mini.png\" alt=\"Logotyp \u015awi\u0119ta liczby Pi 2018\" width=\"422\" height=\"672\" \/><\/a><\/td>\n<td>\n<h1>PROGRAM<\/h1>\n<ul>\n<li><strong>2 marca 2018<\/strong>\n<ul class=\"js-hideElement\">\n<li>10:00 \u2013 otwarcie obchod\u00f3w i powitanie uczestnik\u00f3w<\/li>\n<li>10:10 \u2013 wyk\u0142ad \u201ePrawda czy fa\u0142sz?\u201d dr Joanna Garbuli\u0144ska-W\u0119grzyn (Instytut Matematyki Uniwersytetu Jana Kochanowskiego)<\/li>\n<li>11:00 \u2013 konkurs dla uczestnik\u00f3w<\/li>\n<li>11:30 \u2013 przerwa<\/li>\n<li>11:50 \u2013 wyk\u0142ad \u201eMatematyka wyborcza\u201d dr Krzysztof Ciesielski (Instytut Matematyki Uniwersytetu Jagiello\u0144skiego)<\/li>\n<li>12:40 \u2013 zako\u0144czenie obchod\u00f3w<\/li>\n<\/ul>\n<\/li>\n<li><strong>16 marca 2018<\/strong>\n<ul class=\"js-hideElement\">\n<li>10:00 \u2013 otwarcie obchod\u00f3w i powitanie uczestnik\u00f3w<\/li>\n<li>10:10 \u2013 wyk\u0142ad \u201eOkr\u0105g dopisany mgr Pawe\u0142 Dziuba (nauczyciel II LO im. Marii Sk\u0142odowskiej-Curie w Ko\u0144skich)<\/li>\n<li>11:00 \u2013 konkurs dla uczestnik\u00f3w<\/li>\n<li>11:30 \u2013 przerwa<\/li>\n<li>11:50 \u2013 wyk\u0142ad \u201e\u017bo\u0142nierze Conwaya, czyli rzecz o pi\u0105tej kolumnie\u201d prof. Micha\u0142 Wojciechowski (Instytut Matematyki Uniwersytetu Jana Kochanowskiego)<\/li>\n<li>12:40 \u2013 zako\u0144czenie obchod\u00f3w<\/li>\n<\/ul>\n<\/li>\n<\/ul>\n<\/td>\n<\/tr>\n<\/tbody>\n<\/table>\n<hr \/>\n<h3>Jubileuszowe \u015awi\u0119to Liczby Pi<\/h3>\n<p class=\"j\">W dw\u00f3ch spotkaniach zorganizowanych z okazji jubileuszowych obchod\u00f3w \u015awi\u0119ta Liczby Pi\u00a0 wzi\u0119\u0142o udzia\u0142 czterysta os\u00f3b, g\u0142\u00f3wnie uczni\u00f3w lice\u00f3w i technik\u00f3w.<\/p>\n<hr \/>\n<table width=\"100%\">\n<tbody>\n<tr>\n<td colspan=\"3\"><b>Patron honorowy<\/b><\/td>\n<\/tr>\n<tr>\n<td width=\"33%\"><b>POLSKIE TOWARZYSTWO MATEMATYCZNE, ODDZIA\u0141 KIELECKI<\/b><\/td>\n<td width=\"33%\"><a href=\"https:\/\/matematyka.ujk.edu.pl\/imat\/swieto_pi\/2018\/ptm-logo_4.jpg\"><img loading=\"lazy\" decoding=\"async\" class=\"alignnone\" title=\"PTM logo\" src=\"https:\/\/matematyka.ujk.edu.pl\/imat\/swieto_pi\/2018\/ptm-logo_4.jpg\" alt=\"PTM logo\" width=\"125\" height=\"59\" \/><\/a><\/td>\n<td width=\"33%\"><\/td>\n<\/tr>\n<tr>\n<td colspan=\"3\"><b>Sponsor<\/b><\/td>\n<\/tr>\n<tr>\n<td width=\"33%\"><b>KOPALNIA \u0141AG\u00d3W V<\/b><\/td>\n<td width=\"33%\"><a href=\"https:\/\/matematyka.ujk.edu.pl\/imat\/swieto_pi\/2018\/logo_V.jpg\"><img loading=\"lazy\" decoding=\"async\" class=\"alignnone\" title=\"Kopalnia\" src=\"https:\/\/matematyka.ujk.edu.pl\/imat\/swieto_pi\/2018\/logo_V.jpg\" alt=\"Kopalnia\" width=\"125\" height=\"91\" \/><\/a><\/td>\n<td width=\"33%\"><\/td>\n<\/tr>\n<\/tbody>\n<\/table>\n","protected":false},"excerpt":{"rendered":"<p>2 i 16 marca 2018\u00a0roku w auli B1 budynku G Wydzia\u0142u Matematyczno-Przyrodniczego Uniwersytetu Jana Kochanowskiego w Kielcach, przy ul. \u015awi\u0119tokrzyskiej 15, odby\u0142y si\u0119 jubileuszowe 10. obchody \u015awi\u0119ta Liczby \u03c0 zorganizowane przez\u00a0Instytut Matematyki\u00a0Uniwersytetu Jana Kochanowskiego oraz\u00a0Studenckie Ko\u0142o Naukowe\u00a0\u201eRozmaito\u015bci\u201d. PROGRAM 2 marca 2018 10:00 \u2013 otwarcie obchod\u00f3w i powitanie uczestnik\u00f3w 10:10 \u2013 wyk\u0142ad \u201ePrawda czy fa\u0142sz?\u201d dr [&hellip;]<\/p>\n","protected":false},"author":1,"featured_media":0,"parent":0,"menu_order":0,"comment_status":"closed","ping_status":"closed","template":"","meta":{"footnotes":""},"class_list":["post-785","page","type-page","status-publish","hentry"],"_links":{"self":[{"href":"https:\/\/matematyka.ujk.edu.pl\/index.php\/wp-json\/wp\/v2\/pages\/785","targetHints":{"allow":["GET"]}}],"collection":[{"href":"https:\/\/matematyka.ujk.edu.pl\/index.php\/wp-json\/wp\/v2\/pages"}],"about":[{"href":"https:\/\/matematyka.ujk.edu.pl\/index.php\/wp-json\/wp\/v2\/types\/page"}],"author":[{"embeddable":true,"href":"https:\/\/matematyka.ujk.edu.pl\/index.php\/wp-json\/wp\/v2\/users\/1"}],"replies":[{"embeddable":true,"href":"https:\/\/matematyka.ujk.edu.pl\/index.php\/wp-json\/wp\/v2\/comments?post=785"}],"version-history":[{"count":7,"href":"https:\/\/matematyka.ujk.edu.pl\/index.php\/wp-json\/wp\/v2\/pages\/785\/revisions"}],"predecessor-version":[{"id":919,"href":"https:\/\/matematyka.ujk.edu.pl\/index.php\/wp-json\/wp\/v2\/pages\/785\/revisions\/919"}],"wp:attachment":[{"href":"https:\/\/matematyka.ujk.edu.pl\/index.php\/wp-json\/wp\/v2\/media?parent=785"}],"curies":[{"name":"wp","href":"https:\/\/api.w.org\/{rel}","templated":true}]}}