{"id":819,"date":"2024-12-11T12:57:41","date_gmt":"2024-12-11T11:57:41","guid":{"rendered":"https:\/\/matematyka.ujk.edu.pl\/new\/?page_id=819"},"modified":"2025-01-28T14:22:17","modified_gmt":"2025-01-28T13:22:17","slug":"swieto-liczby-pi-2016","status":"publish","type":"page","link":"https:\/\/matematyka.ujk.edu.pl\/index.php\/swieto-liczby-pi-2016\/","title":{"rendered":"\u015awi\u0119to Liczby Pi 2016"},"content":{"rendered":"<p align=\"left\"><b>18 marca 2016<\/b>\u00a0roku w auli B4 budynku G Wydzia\u0142u Matematyczno-Przyrodniczego Uniwersytetu Jana Kochanowskiego w Kielcach, przy ul. \u015awi\u0119tokrzyskiej 15, odby\u0142y si\u0119 obchody<\/p>\n<p><b class=\"Apple-style-span\">\u015awi\u0119ta Liczby \u03c0<\/b><\/p>\n<p>zorganizowane przez\u00a0<b>Instytut Matematyki<\/b>\u00a0Uniwersytetu Jana Kochanowskiego oraz\u00a0<b>Studenckie Ko\u0142o Naukowe<\/b>\u00a0\u201eRozmaito\u015bci\u201d.<\/p>\n<table border=\"0\">\n<tbody>\n<tr>\n<td><a href=\"https:\/\/matematyka.ujk.edu.pl\/imat\/swieto_pi\/2016\/panpi2016.png\"><img loading=\"lazy\" decoding=\"async\" class=\"alignnone\" title=\"PanPi2016\" src=\"https:\/\/matematyka.ujk.edu.pl\/imat\/swieto_pi\/2016\/panpi2016.png\" alt=\"PanPi2016 - Logotyp \u015awi\u0119ta liczby Pi 2016\" width=\"200\" height=\"321\" \/><\/a><\/td>\n<td><b>program obchod\u00f3w<\/b><\/p>\n<p>godz. 10:00 otwarcie obchod\u00f3w i powitanie uczestnik\u00f3w<br \/>\ngodz. 10:20 wyk\u0142ad popularnonaukowy prof. Micha\u0142a Wojciechowskiego<br \/>\n(Instytut Matematyki Uniwersytetu Jana Kochanowskiego) pt. \u201eTo si\u0119 musi da\u0107 u\u0142o\u017cy\u0107!\u201d<br \/>\ngodz. 11:20 konkurs dla uczestnik\u00f3w \u201ePopo\u0142udniowe rozgrywki\u201d<br \/>\ngodz. 12:00 przerwa<br \/>\ngodz. 12:15 wyk\u0142ad popularnonaukowy dra Krzysztofa Ciesielskiego<br \/>\n(Instytut Matematyki Uniwersytetu Jagiello\u0144skiego) pt. \u201ePi, pi, pi, pi, pi,\u2026<br \/>\nczyli o pewnej s\u0142ynnej liczbie i o Archimedesie\u201d<br \/>\ngodz. 13:15 rozstrzygni\u0119cie konkursu \u201e? ukryte wok\u00f3\u0142 nas\u201d, wr\u0119czenie nagr\u00f3d<br \/>\ngodz. 13:30 rozstrzygni\u0119cie konkursu \u201ePoemat o ?\u201d, wr\u0119czenie nagr\u00f3d<br \/>\ngodz. 13:45 zako\u0144czenie obchod\u00f3w<\/td>\n<\/tr>\n<\/tbody>\n<\/table>\n<hr \/>\n<p><span class=\"small\">W og\u0142oszonych konkursach wzi\u0119\u0142o udzia\u0142 \u0142\u0105cznie 57 os\u00f3b. Wszystkie zg\u0142oszone prace zosta\u0142y dopuszczone do post\u0119powania konkursowego.<\/span><\/p>\n<p>Wyniki konkursu\u00a0<b>\u201ePoemat o \u03c0\u201d<\/b><br \/>\n<b>laureaci<\/b><br \/>\n1. Daniel Chrobot \u2013 ZSE im Oskara Langego w Kielcach, praca \u201eLiczba Pi\u201d<br \/>\n2. Julia S\u0142owik, Anna Jadwi\u017cyc, Magdalena Dorecka \u2013 LO nr III im. W\u0142adys\u0142awa Broniewskiego w Ostrowcu \u015awi\u0119tokrzyskim, praca \u201ePoemat o liczbie Pi\u201d<br \/>\n3. (ex aequo) Patrycja Ma\u0144kus, Klaudia B\u0105k \u2013 VI LO im. Juliusza S\u0142owackiego w Kielcach za prac\u0119 \u201ePoemat o Pi\u201d<br \/>\n3. (ex aequo) Milena Miku\u0142a, Aleksandra Strzelecka \u2013 LO nr III im. W\u0142adys\u0142awa Broniewskiego w Ostrowcu \u015awi\u0119tokrzyskim, praca \u201e3 przecinek 1 4\u201d<\/p>\n<p>Wyniki konkursu\u00a0<b>\u201e\u03c0 ukryte wok\u00f3\u0142 nas\u201d<\/b><br \/>\n<b>laureaci<\/b><br \/>\n1. Weronika Krekora \u2013 I LO im. Stefana Czarnieckiego w Kozienicach, praca \u201eKula w PI\u201d<br \/>\n2. Katarzyna Pukal \u2013 ZSP nr 3 w Ko\u0144skich, praca \u201ePI jest wsz\u0119dzie\u201d<br \/>\n3. (ex aequo) Oliwia Doroz \u2013 LO im. Adolfa Dygasi\u0144skiego w Chmielniku, praca \u201ePi wok\u00f3\u0142 nas\u201d<br \/>\n3. (ex aequo) Paulina Segda \u2013 LO im. Adolfa Dygasi\u0144skiego w Chmielniku, praca \u201ePI w le\u015bnicz\u00f3wce\u201d<\/p>\n<p><b>wyr\u00f3\u017cnienia<\/b><br \/>\n\u2022 Anita Kuczaj \u2013 LO im. Adolfa Dygasi\u0144skiego w Chmielniku za prac\u0119 \u201ePI w prezencie\u201d<br \/>\n\u2022 Weronika Kr\u00f3l \u2013 LO ANIMATOR w Gliwicach, praca \u201ePrzez pustynne PIaski do PIraimd\u201d<\/p>\n<p><b>Gratulujemy zwyci\u0119zcom!<\/b><\/p>\n<hr \/>\n<table width=\"100%\">\n<tbody>\n<tr>\n<td colspan=\"3\">Patron honorowy<\/td>\n<\/tr>\n<tr>\n<td width=\"33%\">POLSKIE TOWARZYSTWO MATEMATYCZNE, ODDZIA\u0141 KIELECKI<\/td>\n<td width=\"33%\"><a href=\"https:\/\/matematyka.ujk.edu.pl\/imat\/swieto_pi\/2016\/ptm-logo_4.jpg\"><img loading=\"lazy\" decoding=\"async\" class=\"alignnone\" title=\"PTM logo\" src=\"https:\/\/matematyka.ujk.edu.pl\/imat\/swieto_pi\/2016\/ptm-logo_4.jpg\" alt=\"PTM logo\" width=\"125\" height=\"59\" \/><\/a><\/td>\n<td width=\"33%\"><\/td>\n<\/tr>\n<tr>\n<td colspan=\"3\">Wsparcie instytucjonalne<\/td>\n<\/tr>\n<tr>\n<td width=\"33%\">URZ\u0104D MARSZA\u0141KOWSKI WOJEW\u00d3DZTWA \u015aWI\u0118TOKRZYSKIEGO<\/td>\n<td width=\"33%\"><a href=\"https:\/\/matematyka.ujk.edu.pl\/imat\/swieto_pi\/2016\/herb_swietokrzyskiego.png\"><img loading=\"lazy\" decoding=\"async\" class=\"alignnone\" title=\"URZ\u0104D MARSZA\u0141KOWSKI WOJEW\u00d3DZTWA \u015aWI\u0118TOKRZYSKIEGO - god\u0142o\" src=\"https:\/\/matematyka.ujk.edu.pl\/imat\/swieto_pi\/2016\/herb_swietokrzyskiego.png\" alt=\"URZ\u0104D MARSZA\u0141KOWSKI WOJEW\u00d3DZTWA \u015aWI\u0118TOKRZYSKIEGO - god\u0142o\" width=\"123\" height=\"150\" \/><\/a><\/td>\n<\/tr>\n<tr>\n<td colspan=\"3\">Sponsor g\u0142\u00f3wny<\/td>\n<\/tr>\n<tr>\n<td width=\"33%\">KOPALNIA \u0141AG\u00d3W V<\/td>\n<td width=\"33%\"><a href=\"https:\/\/matematyka.ujk.edu.pl\/imat\/swieto_pi\/2016\/logo_V.jpg\"><img loading=\"lazy\" decoding=\"async\" class=\"alignnone\" title=\"Kopalnia logo\" src=\"https:\/\/matematyka.ujk.edu.pl\/imat\/swieto_pi\/2016\/logo_V.jpg\" alt=\"Kopalnia logo\" width=\"125\" height=\"91\" \/><\/a><\/td>\n<\/tr>\n<\/tbody>\n<\/table>\n","protected":false},"excerpt":{"rendered":"<p>18 marca 2016\u00a0roku w auli B4 budynku G Wydzia\u0142u Matematyczno-Przyrodniczego Uniwersytetu Jana Kochanowskiego w Kielcach, przy ul. \u015awi\u0119tokrzyskiej 15, odby\u0142y si\u0119 obchody \u015awi\u0119ta Liczby \u03c0 zorganizowane przez\u00a0Instytut Matematyki\u00a0Uniwersytetu Jana Kochanowskiego oraz\u00a0Studenckie Ko\u0142o Naukowe\u00a0\u201eRozmaito\u015bci\u201d. program obchod\u00f3w godz. 10:00 otwarcie obchod\u00f3w i powitanie uczestnik\u00f3w godz. 10:20 wyk\u0142ad popularnonaukowy prof. Micha\u0142a Wojciechowskiego (Instytut Matematyki Uniwersytetu Jana Kochanowskiego) pt. [&hellip;]<\/p>\n","protected":false},"author":1,"featured_media":0,"parent":0,"menu_order":0,"comment_status":"closed","ping_status":"closed","template":"","meta":{"footnotes":""},"class_list":["post-819","page","type-page","status-publish","hentry"],"_links":{"self":[{"href":"https:\/\/matematyka.ujk.edu.pl\/index.php\/wp-json\/wp\/v2\/pages\/819","targetHints":{"allow":["GET"]}}],"collection":[{"href":"https:\/\/matematyka.ujk.edu.pl\/index.php\/wp-json\/wp\/v2\/pages"}],"about":[{"href":"https:\/\/matematyka.ujk.edu.pl\/index.php\/wp-json\/wp\/v2\/types\/page"}],"author":[{"embeddable":true,"href":"https:\/\/matematyka.ujk.edu.pl\/index.php\/wp-json\/wp\/v2\/users\/1"}],"replies":[{"embeddable":true,"href":"https:\/\/matematyka.ujk.edu.pl\/index.php\/wp-json\/wp\/v2\/comments?post=819"}],"version-history":[{"count":8,"href":"https:\/\/matematyka.ujk.edu.pl\/index.php\/wp-json\/wp\/v2\/pages\/819\/revisions"}],"predecessor-version":[{"id":926,"href":"https:\/\/matematyka.ujk.edu.pl\/index.php\/wp-json\/wp\/v2\/pages\/819\/revisions\/926"}],"wp:attachment":[{"href":"https:\/\/matematyka.ujk.edu.pl\/index.php\/wp-json\/wp\/v2\/media?parent=819"}],"curies":[{"name":"wp","href":"https:\/\/api.w.org\/{rel}","templated":true}]}}