{"id":833,"date":"2024-12-11T13:16:09","date_gmt":"2024-12-11T12:16:09","guid":{"rendered":"https:\/\/matematyka.ujk.edu.pl\/new\/?page_id=833"},"modified":"2025-01-28T14:30:58","modified_gmt":"2025-01-28T13:30:58","slug":"833-2","status":"publish","type":"page","link":"https:\/\/matematyka.ujk.edu.pl\/index.php\/833-2\/","title":{"rendered":"\u015awi\u0119to Liczby Pi 2014"},"content":{"rendered":"<p><b>14 marca 2014<\/b>\u00a0roku w auli budynku G Wydzia\u0142u Matematyczno-Przyrodniczego Uniwersytetu Jana Kochanowskiego w Kielcach, przy ul. \u015awi\u0119tokrzyskiej 15, odby\u0142y si\u0119 obchody<\/p>\n<p><b><span class=\"Apple-style-span\">\u015awi\u0119ta liczby \u03c0<\/span><\/b><\/p>\n<p>zorganizowane przez\u00a0<b>Instytut Matematyki<\/b>\u00a0Uniwersytetu Jana Kochanowskiego oraz\u00a0<b>Studenckie Ko\u0142o Naukowe<\/b>\u00a0\u201eRozmaito\u015bci\u201d.<\/p>\n<table style=\"height: 365px;\" border=\"0\" width=\"904\">\n<tbody>\n<tr>\n<td><a href=\"https:\/\/matematyka.ujk.edu.pl\/imat\/swieto_pi\/2014\/panpi2014.png\"><img loading=\"lazy\" decoding=\"async\" class=\"alignnone\" title=\"Pan Pi 2014\" src=\"https:\/\/matematyka.ujk.edu.pl\/imat\/swieto_pi\/2014\/panpi2014.png\" alt=\"Pan Pi 2014 - Logotyp \u015awi\u0119ta liczby Pi 2014\" width=\"200\" height=\"321\" \/><\/a><\/td>\n<td><b>program obchod\u00f3w<\/b><\/p>\n<p>godz. 10:00 otwarcie obchod\u00f3w i powitanie uczestnik\u00f3w<br \/>\ngodz. 10:20 wyk\u0142ad popularnonaukowy dr hab. Halszki Tutaj-Gasi\u0144skiej<br \/>\n(Instytut Matematyki Uniwersytetu Jagiello\u0144skiego)<br \/>\npt. \u201eKampania napoleo\u0144ska a matematyka\u201d<br \/>\ngodz. 11:20 konkurs dla uczestnik\u00f3w \u201eMatematykerzy\u201d<br \/>\ngodz. 12:00 przerwa<br \/>\ngodz. 12:15 referat cz\u0142onk\u00f3w SKN \u201eRozmaito\u015bci\u201d<br \/>\n(Instytut Matematyki Uniwersytetu Jana Kochanowskiego)<br \/>\npt. \u201eLiczba ? na przestrzeni wiek\u00f3w\u201d<br \/>\ngodz. 13:15 rozstrzygni\u0119cie konkursu \u201ePortret Liczby ?\u201d, wr\u0119czenie nagr\u00f3d<br \/>\ngodz. 13:30 rozstrzygni\u0119cie konkursu \u201eKobiety w matematyce\u201d, wr\u0119czenie nagr\u00f3d<br \/>\ngodz. 13:45 zako\u0144czenie obchod\u00f3w<\/td>\n<\/tr>\n<\/tbody>\n<\/table>\n<hr \/>\n<p>Wyniki konkursu\u00a0<b>\u201ePortret Liczby \u03c0\u201d<\/b><br \/>\n<small>Na konkurs wp\u0142yn\u0119\u0142o 86 prac i wszystkie zosta\u0142y dopuszczone do post\u0119powania konkursowego.<\/small><\/p>\n<p><b>I miejsce<\/b><br \/>\nDawid Kmiecik \u2013 Zesp\u00f3\u0142 Szk\u00f3\u0142 Zawodowych w Zespole Szk\u00f3\u0142 nr 3 w Chmielniku<\/p>\n<p><b>II miejsce<\/b><br \/>\nPaulina Sad\u0142ocha i Patrycja Wira \u2013 Zesp\u00f3\u0142 Szk\u00f3\u0142 nr 3 w Chmielniku<\/p>\n<p><b>III miejsce<\/b><br \/>\nIwona Arwaj \u2013 Zesp\u00f3\u0142 Szk\u00f3\u0142 Ponadgimnazjalnych nr 2 we W\u0142oszczowie<\/p>\n<p><b>Wyr\u00f3\u017cnienia<\/b><br \/>\nNatalia \u0141u\u017cak \u2013 LO w Zespole Szk\u00f3\u0142 nr 3 w Chmielniku<br \/>\nKamil Weso\u0142owski \u2013 Zesp\u00f3\u0142 Szk\u00f3\u0142 Zawodowych w Zespole Szk\u00f3\u0142 nr 3 w Chmielniku<br \/>\n\u0141ukasz Kowalik \u2013 Zesp\u00f3\u0142 Szk\u00f3\u0142 Elektryczno-Elektronicznych w Radomsku<br \/>\nDagmara Ksel \u2013 VI LO im. Juliusza S\u0142owackiego W Kielcach<br \/>\nKlaudia Nawrot i Natalia Dziedzic \u2013 IV LO im. Hanki Sawickiej w Kielcach<\/p>\n<p>Wyniki konkurs\u00a0<b>\u201eKobiety w matematyce\u201d<\/b><br \/>\n<small>Na konkurs wp\u0142yn\u0119\u0142o 30 prac i wszystkie zosta\u0142y dopuszczone do post\u0119powania konkursowego.<\/small><\/p>\n<p><b>I miejsce<\/b><br \/>\nAnna Przytu\u0142a i Paulina Zawadzka \u2013 III LO im. W. Broniewskiego w Ostrowcu \u015awi\u0119tokrzyskim<\/p>\n<p><b>II miejsce<\/b><br \/>\nKarol Przydatek \u2013 III LO im. W. Broniewskiego w Ostrowcu \u015awi\u0119tokrzyskim<\/p>\n<p><b>III miejsce<\/b><br \/>\nKarolina Sitraska i Angelika Koprowska, ZSE im. Oskara Langego w Kielcach<\/p>\n<p><b>Gratulujemy zwyci\u0119zcom!<\/b><\/p>\n<hr \/>\n<p>Patronat honorowy<\/p>\n<div align=\"center\"><b>POLSKIE TOWARZYSTWO MATEMATYCZNE, ODZIA\u0141 KIELECKI<br \/>\n<\/b><\/div>\n<p>Sponsorzy<\/p>\n<div align=\"center\"><b>POLSKIE TOWARZYSTWO MATEMATYCZNE, ODZIA\u0141 KIELECKI<\/b><\/div>\n<div align=\"center\"><b>URZ\u0104D MARSZA\u0141KOWSKI WOJEW\u00d3DZTWA \u015aWI\u0118TOKRZYSKIEGO<\/b><\/div>\n","protected":false},"excerpt":{"rendered":"<p>14 marca 2014\u00a0roku w auli budynku G Wydzia\u0142u Matematyczno-Przyrodniczego Uniwersytetu Jana Kochanowskiego w Kielcach, przy ul. \u015awi\u0119tokrzyskiej 15, odby\u0142y si\u0119 obchody \u015awi\u0119ta liczby \u03c0 zorganizowane przez\u00a0Instytut Matematyki\u00a0Uniwersytetu Jana Kochanowskiego oraz\u00a0Studenckie Ko\u0142o Naukowe\u00a0\u201eRozmaito\u015bci\u201d. program obchod\u00f3w godz. 10:00 otwarcie obchod\u00f3w i powitanie uczestnik\u00f3w godz. 10:20 wyk\u0142ad popularnonaukowy dr hab. Halszki Tutaj-Gasi\u0144skiej (Instytut Matematyki Uniwersytetu Jagiello\u0144skiego) pt. \u201eKampania [&hellip;]<\/p>\n","protected":false},"author":1,"featured_media":0,"parent":0,"menu_order":0,"comment_status":"closed","ping_status":"closed","template":"","meta":{"footnotes":""},"class_list":["post-833","page","type-page","status-publish","hentry"],"_links":{"self":[{"href":"https:\/\/matematyka.ujk.edu.pl\/index.php\/wp-json\/wp\/v2\/pages\/833","targetHints":{"allow":["GET"]}}],"collection":[{"href":"https:\/\/matematyka.ujk.edu.pl\/index.php\/wp-json\/wp\/v2\/pages"}],"about":[{"href":"https:\/\/matematyka.ujk.edu.pl\/index.php\/wp-json\/wp\/v2\/types\/page"}],"author":[{"embeddable":true,"href":"https:\/\/matematyka.ujk.edu.pl\/index.php\/wp-json\/wp\/v2\/users\/1"}],"replies":[{"embeddable":true,"href":"https:\/\/matematyka.ujk.edu.pl\/index.php\/wp-json\/wp\/v2\/comments?post=833"}],"version-history":[{"count":4,"href":"https:\/\/matematyka.ujk.edu.pl\/index.php\/wp-json\/wp\/v2\/pages\/833\/revisions"}],"predecessor-version":[{"id":930,"href":"https:\/\/matematyka.ujk.edu.pl\/index.php\/wp-json\/wp\/v2\/pages\/833\/revisions\/930"}],"wp:attachment":[{"href":"https:\/\/matematyka.ujk.edu.pl\/index.php\/wp-json\/wp\/v2\/media?parent=833"}],"curies":[{"name":"wp","href":"https:\/\/api.w.org\/{rel}","templated":true}]}}